{"id":1433,"date":"2024-12-17T08:25:24","date_gmt":"2024-12-17T07:25:24","guid":{"rendered":"https:\/\/riadmarwamarrakech.com\/habitaciones\/suite-majdouline\/"},"modified":"2024-12-19T17:42:02","modified_gmt":"2024-12-19T16:42:02","slug":"suite-majdouline","status":"publish","type":"page","link":"https:\/\/riadmarwamarrakech.com\/es\/habitaciones\/suite-majdouline\/","title":{"rendered":"Suite Majdouline"},"content":{"rendered":"\t\t<div data-elementor-type=\"wp-page\" data-elementor-id=\"1433\" class=\"elementor elementor-1433 elementor-415\" data-elementor-post-type=\"page\">\n\t\t\t\t<div class=\"elementor-element elementor-element-6c6b7da5 e-flex e-con-boxed e-con e-parent\" data-id=\"6c6b7da5\" data-element_type=\"container\" data-e-type=\"container\">\n\t\t\t\t\t<div class=\"e-con-inner\">\n\t\t\t\t<div class=\"elementor-element elementor-element-338fd174 elementor-widget elementor-widget-text-editor\" data-id=\"338fd174\" data-element_type=\"widget\" data-e-type=\"widget\" data-widget_type=\"text-editor.default\">\n\t\t\t\t<div class=\"elementor-widget-container\">\n\t\t\t\t\t\t\t\t\t<h3>Suite Majdouline<\/h3><h4>Riad Marwa Marrakech<\/h4>\t\t\t\t\t\t\t\t<\/div>\n\t\t\t\t<\/div>\n\t\t\t\t\t<\/div>\n\t\t\t\t<\/div>\n\t\t\t\t<section class=\"elementor-section elementor-inner-section elementor-element elementor-element-417153c5 elementor-section-content-middle elementor-section-full_width elementor-section-height-default elementor-section-height-default\" data-id=\"417153c5\" data-element_type=\"section\" data-e-type=\"section\" data-settings=\"{&quot;background_background&quot;:&quot;classic&quot;}\">\n\t\t\t\t\t\t<div class=\"elementor-container elementor-column-gap-default\">\n\t\t\t\t\t<div class=\"elementor-column elementor-col-50 elementor-inner-column elementor-element elementor-element-7a20881e\" data-id=\"7a20881e\" data-element_type=\"column\" data-e-type=\"column\">\n\t\t\t<div class=\"elementor-widget-wrap elementor-element-populated\">\n\t\t\t\t\t\t<div class=\"elementor-element elementor-element-b550d8a elementor-widget elementor-widget-image\" data-id=\"b550d8a\" data-element_type=\"widget\" data-e-type=\"widget\" data-widget_type=\"image.default\">\n\t\t\t\t<div class=\"elementor-widget-container\">\n\t\t\t\t\t\t\t\t\t\t\t\t\t\t\t<img fetchpriority=\"high\" decoding=\"async\" width=\"1200\" height=\"800\" src=\"https:\/\/riadmarwamarrakech.com\/wp-content\/uploads\/2024\/12\/DSC07150-1.jpg\" class=\"attachment-large size-large wp-image-1100\" alt=\"\" srcset=\"https:\/\/riadmarwamarrakech.com\/wp-content\/uploads\/2024\/12\/DSC07150-1.jpg 1200w, https:\/\/riadmarwamarrakech.com\/wp-content\/uploads\/2024\/12\/DSC07150-1-500x333.jpg 500w, https:\/\/riadmarwamarrakech.com\/wp-content\/uploads\/2024\/12\/DSC07150-1-300x200.jpg 300w, https:\/\/riadmarwamarrakech.com\/wp-content\/uploads\/2024\/12\/DSC07150-1-768x512.jpg 768w, https:\/\/riadmarwamarrakech.com\/wp-content\/uploads\/2024\/12\/DSC07150-1-113x75.jpg 113w, https:\/\/riadmarwamarrakech.com\/wp-content\/uploads\/2024\/12\/DSC07150-1-480x320.jpg 480w\" sizes=\"(max-width:767px) 480px, (max-width:1200px) 100vw, 1200px\" \/>\t\t\t\t\t\t\t\t\t\t\t\t\t\t\t<\/div>\n\t\t\t\t<\/div>\n\t\t\t\t\t<\/div>\n\t\t<\/div>\n\t\t\t\t<div class=\"elementor-column elementor-col-50 elementor-inner-column elementor-element elementor-element-5e5d6e00\" data-id=\"5e5d6e00\" data-element_type=\"column\" data-e-type=\"column\">\n\t\t\t<div class=\"elementor-widget-wrap elementor-element-populated\">\n\t\t\t\t\t\t<div class=\"elementor-element elementor-element-747b3541 elementor-widget elementor-widget-text-editor\" data-id=\"747b3541\" data-element_type=\"widget\" data-e-type=\"widget\" data-widget_type=\"text-editor.default\">\n\t\t\t\t<div class=\"elementor-widget-container\">\n\t\t\t\t\t\t\t\t\t<h4>Majdouline<\/h4><p>Una magn\u00edfica suite con paredes de tadelakt en colores tradicionales marroqu\u00edes, tiene alrededor de 20 m\u00b2 de superficie. Esta suite est\u00e1 situada en el segundo piso con acceso directo al elegante techo y ventanas al patio principal, lo que la hace muy privada. Esta habitaci\u00f3n puede prepararse para una cama doble o triple. El ba\u00f1o con techo abovedado, ba\u00f1era enorme y ba\u00f1o de primera clase est\u00e1 rematado en tadelak (WC separado).<\/p>\t\t\t\t\t\t\t\t<\/div>\n\t\t\t\t<\/div>\n\t\t\t\t\t<\/div>\n\t\t<\/div>\n\t\t\t\t\t<\/div>\n\t\t<\/section>\n\t\t<div class=\"elementor-element elementor-element-f24e1d6 e-con-full e-flex e-con e-parent\" data-id=\"f24e1d6\" data-element_type=\"container\" data-e-type=\"container\" data-settings=\"{&quot;background_background&quot;:&quot;classic&quot;}\">\n\t\t\t\t<div class=\"elementor-element elementor-element-bce24a3 elementor-widget elementor-widget-text-editor\" data-id=\"bce24a3\" data-element_type=\"widget\" data-e-type=\"widget\" data-widget_type=\"text-editor.default\">\n\t\t\t\t<div class=\"elementor-widget-container\">\n\t\t\t\t\t\t\t\t\t<h3>Galer\u00eda<\/h3>\t\t\t\t\t\t\t\t<\/div>\n\t\t\t\t<\/div>\n\t\t\t\t<div class=\"elementor-element elementor-element-c972002 elementor-widget elementor-widget-wpmf_gallery\" data-id=\"c972002\" data-element_type=\"widget\" data-e-type=\"widget\" data-widget_type=\"wpmf_gallery.default\">\n\t\t\t\t<div class=\"elementor-widget-container\">\n\t\t\t\t\t<div class=\"wpmf-gallerys wpmf-gallerys-life \" ><div id=\"gallery-1\" class=\"gallery gallery_life wpmf_gallery_default gallery_default  gallery-columns-4 gallery-size-large gallery-link-file wpmf-has-border-radius-0 wpmf-gutterwidth-5 no_ratio\"><figure class=\"wpmf-gallery-item\" data-index=\"0\"><div class=\"wpmf-gallery-icon\"><div class=\"square_thumbnail\"><div class=\"img_centered\"><a class=\" not_video noLightbox\" data-lightbox=\"1\" data-href=\"https:\/\/riadmarwamarrakech.com\/wp-content\/uploads\/2024\/12\/DSC06770.jpg\" title=\"DSC06770\" target=\"_self\" data-index=\"0\"><img decoding=\"async\" class=\"wpmf_img\" alt=\"DSC06770\" src=\"https:\/\/riadmarwamarrakech.com\/wp-content\/uploads\/2024\/12\/DSC06770.jpg\" data-type=\"wpmfgalleryimg\" data-attachment-id=\"1079\" data-wpmf-size=\"large\" data-lazy-src=\"https:\/\/riadmarwamarrakech.com\/wp-content\/uploads\/2024\/12\/DSC06770.jpg\"><\/a><\/div><\/div><\/div><\/figure><figure class=\"wpmf-gallery-item\" data-index=\"1\"><div class=\"wpmf-gallery-icon\"><div class=\"square_thumbnail\"><div class=\"img_centered\"><a class=\" not_video noLightbox\" data-lightbox=\"1\" data-href=\"https:\/\/riadmarwamarrakech.com\/wp-content\/uploads\/2024\/12\/DSC06870.jpg\" title=\"DSC06870\" target=\"_self\" data-index=\"1\"><img decoding=\"async\" class=\"wpmf_img\" alt=\"DSC06870\" src=\"https:\/\/riadmarwamarrakech.com\/wp-content\/uploads\/2024\/12\/DSC06870.jpg\" data-type=\"wpmfgalleryimg\" data-attachment-id=\"1082\" data-wpmf-size=\"large\" data-lazy-src=\"https:\/\/riadmarwamarrakech.com\/wp-content\/uploads\/2024\/12\/DSC06870.jpg\"><\/a><\/div><\/div><\/div><\/figure><figure class=\"wpmf-gallery-item\" data-index=\"2\"><div class=\"wpmf-gallery-icon\"><div class=\"square_thumbnail\"><div class=\"img_centered\"><a class=\" not_video noLightbox\" data-lightbox=\"1\" data-href=\"https:\/\/riadmarwamarrakech.com\/wp-content\/uploads\/2024\/12\/DSC06885.jpg\" title=\"DSC06885\" target=\"_self\" data-index=\"2\"><img decoding=\"async\" class=\"wpmf_img\" alt=\"DSC06885\" src=\"https:\/\/riadmarwamarrakech.com\/wp-content\/uploads\/2024\/12\/DSC06885.jpg\" data-type=\"wpmfgalleryimg\" data-attachment-id=\"1085\" data-wpmf-size=\"large\" data-lazy-src=\"https:\/\/riadmarwamarrakech.com\/wp-content\/uploads\/2024\/12\/DSC06885.jpg\"><\/a><\/div><\/div><\/div><\/figure><figure class=\"wpmf-gallery-item\" data-index=\"3\"><div class=\"wpmf-gallery-icon\"><div class=\"square_thumbnail\"><div class=\"img_centered\"><a class=\" not_video noLightbox\" data-lightbox=\"1\" data-href=\"https:\/\/riadmarwamarrakech.com\/wp-content\/uploads\/2024\/12\/DSC06915.jpg\" title=\"DSC06915\" target=\"_self\" data-index=\"3\"><img decoding=\"async\" class=\"wpmf_img\" alt=\"DSC06915\" src=\"https:\/\/riadmarwamarrakech.com\/wp-content\/uploads\/2024\/12\/DSC06915.jpg\" data-type=\"wpmfgalleryimg\" data-attachment-id=\"1088\" data-wpmf-size=\"large\" data-lazy-src=\"https:\/\/riadmarwamarrakech.com\/wp-content\/uploads\/2024\/12\/DSC06915.jpg\"><\/a><\/div><\/div><\/div><\/figure><figure class=\"wpmf-gallery-item\" data-index=\"4\"><div class=\"wpmf-gallery-icon\"><div class=\"square_thumbnail\"><div class=\"img_centered\"><a class=\" not_video noLightbox\" data-lightbox=\"1\" data-href=\"https:\/\/riadmarwamarrakech.com\/wp-content\/uploads\/2024\/12\/DSC07060.jpg\" title=\"DSC07060\" target=\"_self\" data-index=\"4\"><img decoding=\"async\" class=\"wpmf_img\" alt=\"DSC07060\" src=\"https:\/\/riadmarwamarrakech.com\/wp-content\/uploads\/2024\/12\/DSC07060.jpg\" data-type=\"wpmfgalleryimg\" data-attachment-id=\"1091\" data-wpmf-size=\"large\" data-lazy-src=\"https:\/\/riadmarwamarrakech.com\/wp-content\/uploads\/2024\/12\/DSC07060.jpg\"><\/a><\/div><\/div><\/div><\/figure><figure class=\"wpmf-gallery-item\" data-index=\"5\"><div class=\"wpmf-gallery-icon\"><div class=\"square_thumbnail\"><div class=\"img_centered\"><a class=\" not_video noLightbox\" data-lightbox=\"1\" data-href=\"https:\/\/riadmarwamarrakech.com\/wp-content\/uploads\/2024\/12\/DSC07090.jpg\" title=\"DSC07090\" target=\"_self\" data-index=\"5\"><img decoding=\"async\" class=\"wpmf_img\" alt=\"DSC07090\" src=\"https:\/\/riadmarwamarrakech.com\/wp-content\/uploads\/2024\/12\/DSC07090.jpg\" data-type=\"wpmfgalleryimg\" data-attachment-id=\"1094\" data-wpmf-size=\"large\" data-lazy-src=\"https:\/\/riadmarwamarrakech.com\/wp-content\/uploads\/2024\/12\/DSC07090.jpg\"><\/a><\/div><\/div><\/div><\/figure><figure class=\"wpmf-gallery-item\" data-index=\"6\"><div class=\"wpmf-gallery-icon\"><div class=\"square_thumbnail\"><div class=\"img_centered\"><a class=\" not_video noLightbox\" data-lightbox=\"1\" data-href=\"https:\/\/riadmarwamarrakech.com\/wp-content\/uploads\/2024\/12\/DSC07116.jpg\" title=\"DSC07116\" target=\"_self\" data-index=\"6\"><img decoding=\"async\" class=\"wpmf_img\" alt=\"DSC07116\" src=\"https:\/\/riadmarwamarrakech.com\/wp-content\/uploads\/2024\/12\/DSC07116.jpg\" data-type=\"wpmfgalleryimg\" data-attachment-id=\"1097\" data-wpmf-size=\"large\" data-lazy-src=\"https:\/\/riadmarwamarrakech.com\/wp-content\/uploads\/2024\/12\/DSC07116.jpg\"><\/a><\/div><\/div><\/div><\/figure><figure class=\"wpmf-gallery-item\" data-index=\"7\"><div class=\"wpmf-gallery-icon\"><div class=\"square_thumbnail\"><div class=\"img_centered\"><a class=\" not_video noLightbox\" data-lightbox=\"1\" data-href=\"https:\/\/riadmarwamarrakech.com\/wp-content\/uploads\/2024\/12\/DSC07150-1.jpg\" title=\"DSC07150\" target=\"_self\" data-index=\"7\"><img decoding=\"async\" class=\"wpmf_img\" alt=\"DSC07150\" src=\"https:\/\/riadmarwamarrakech.com\/wp-content\/uploads\/2024\/12\/DSC07150-1.jpg\" data-type=\"wpmfgalleryimg\" data-attachment-id=\"1100\" data-wpmf-size=\"large\" data-lazy-src=\"https:\/\/riadmarwamarrakech.com\/wp-content\/uploads\/2024\/12\/DSC07150-1.jpg\"><\/a><\/div><\/div><\/div><\/figure><\/div><\/div>\t\t\t\t<\/div>\n\t\t\t\t<\/div>\n\t\t\t\t<\/div>\n\t\t<div class=\"elementor-element elementor-element-1447986 e-flex e-con-boxed e-con e-parent\" data-id=\"1447986\" data-element_type=\"container\" data-e-type=\"container\" data-settings=\"{&quot;background_background&quot;:&quot;classic&quot;}\">\n\t\t\t\t\t<div class=\"e-con-inner\">\n\t\t\t\t<div class=\"elementor-element elementor-element-c464709 elementor-widget elementor-widget-text-editor\" data-id=\"c464709\" data-element_type=\"widget\" data-e-type=\"widget\" data-widget_type=\"text-editor.default\">\n\t\t\t\t<div class=\"elementor-widget-container\">\n\t\t\t\t\t\t\t\t\t<h3>\u00bfQu\u00e9 ofrece Suite Majdouline?<\/h3>\t\t\t\t\t\t\t\t<\/div>\n\t\t\t\t<\/div>\n\t\t\t\t<div class=\"elementor-element elementor-element-7224522 elementor-widget elementor-widget-text-editor\" data-id=\"7224522\" data-element_type=\"widget\" data-e-type=\"widget\" data-widget_type=\"text-editor.default\">\n\t\t\t\t<div class=\"elementor-widget-container\">\n\t\t\t\t\t\t\t\t\t<h4>Descubra nuestra oferta de servicios<\/h4>\t\t\t\t\t\t\t\t<\/div>\n\t\t\t\t<\/div>\n\t\t\t\t\t<\/div>\n\t\t\t\t<\/div>\n\t\t<div class=\"elementor-element elementor-element-df179b6 e-con-full e-flex e-con e-parent\" data-id=\"df179b6\" data-element_type=\"container\" data-e-type=\"container\">\n\t\t<div class=\"elementor-element elementor-element-f2d699c e-con-full e-flex e-con e-child\" data-id=\"f2d699c\" data-element_type=\"container\" data-e-type=\"container\">\n\t\t\t\t<div class=\"elementor-element elementor-element-89288cd elementor-widget elementor-widget-image\" data-id=\"89288cd\" data-element_type=\"widget\" data-e-type=\"widget\" data-widget_type=\"image.default\">\n\t\t\t\t<div class=\"elementor-widget-container\">\n\t\t\t\t\t\t\t\t\t\t\t\t\t\t\t<img decoding=\"async\" width=\"70\" height=\"66\" src=\"https:\/\/riadmarwamarrakech.com\/wp-content\/uploads\/2024\/12\/home_hotel3_about4.png\" class=\"attachment-large size-large wp-image-1001\" alt=\"\" \/>\t\t\t\t\t\t\t\t\t\t\t\t\t\t\t<\/div>\n\t\t\t\t<\/div>\n\t\t\t\t<div class=\"elementor-element elementor-element-9a86f41 elementor-widget elementor-widget-text-editor\" data-id=\"9a86f41\" data-element_type=\"widget\" data-e-type=\"widget\" data-widget_type=\"text-editor.default\">\n\t\t\t\t<div class=\"elementor-widget-container\">\n\t\t\t\t\t\t\t\t\t<h5>Cama doble<\/h5>\t\t\t\t\t\t\t\t<\/div>\n\t\t\t\t<\/div>\n\t\t\t\t<\/div>\n\t\t<div class=\"elementor-element elementor-element-39f9bdc e-con-full e-flex e-con e-child\" data-id=\"39f9bdc\" data-element_type=\"container\" data-e-type=\"container\">\n\t\t\t\t<div class=\"elementor-element elementor-element-de4fd01 elementor-widget elementor-widget-image\" data-id=\"de4fd01\" data-element_type=\"widget\" data-e-type=\"widget\" data-widget_type=\"image.default\">\n\t\t\t\t<div class=\"elementor-widget-container\">\n\t\t\t\t\t\t\t\t\t\t\t\t\t\t\t<img decoding=\"async\" width=\"70\" height=\"66\" src=\"https:\/\/riadmarwamarrakech.com\/wp-content\/uploads\/2024\/12\/hair-dryer-def.png\" class=\"attachment-large size-large wp-image-998\" alt=\"\" \/>\t\t\t\t\t\t\t\t\t\t\t\t\t\t\t<\/div>\n\t\t\t\t<\/div>\n\t\t\t\t<div class=\"elementor-element elementor-element-1eff4bf elementor-widget elementor-widget-text-editor\" data-id=\"1eff4bf\" data-element_type=\"widget\" data-e-type=\"widget\" data-widget_type=\"text-editor.default\">\n\t\t\t\t<div class=\"elementor-widget-container\">\n\t\t\t\t\t\t\t\t\t<h5>Secador de pelo<\/h5>\t\t\t\t\t\t\t\t<\/div>\n\t\t\t\t<\/div>\n\t\t\t\t<\/div>\n\t\t<div class=\"elementor-element elementor-element-cb0c3b5 e-con-full e-flex e-con e-child\" data-id=\"cb0c3b5\" data-element_type=\"container\" data-e-type=\"container\">\n\t\t\t\t<div class=\"elementor-element elementor-element-459984d elementor-widget elementor-widget-image\" data-id=\"459984d\" data-element_type=\"widget\" data-e-type=\"widget\" data-widget_type=\"image.default\">\n\t\t\t\t<div class=\"elementor-widget-container\">\n\t\t\t\t\t\t\t\t\t\t\t\t\t\t\t<img loading=\"lazy\" decoding=\"async\" width=\"70\" height=\"66\" src=\"https:\/\/riadmarwamarrakech.com\/wp-content\/uploads\/2024\/12\/towel-def.png\" class=\"attachment-large size-large wp-image-1004\" alt=\"\" \/>\t\t\t\t\t\t\t\t\t\t\t\t\t\t\t<\/div>\n\t\t\t\t<\/div>\n\t\t\t\t<div class=\"elementor-element elementor-element-f07442f elementor-widget elementor-widget-text-editor\" data-id=\"f07442f\" data-element_type=\"widget\" data-e-type=\"widget\" data-widget_type=\"text-editor.default\">\n\t\t\t\t<div class=\"elementor-widget-container\">\n\t\t\t\t\t\t\t\t\t<h5>Juego de toallas<\/h5>\t\t\t\t\t\t\t\t<\/div>\n\t\t\t\t<\/div>\n\t\t\t\t<\/div>\n\t\t\t\t<\/div>\n\t\t<div class=\"elementor-element elementor-element-478e038 e-con-full e-flex e-con e-parent\" data-id=\"478e038\" data-element_type=\"container\" data-e-type=\"container\">\n\t\t<div class=\"elementor-element elementor-element-eb843cd e-con-full e-flex e-con e-child\" data-id=\"eb843cd\" data-element_type=\"container\" data-e-type=\"container\">\n\t\t\t\t<div class=\"elementor-element elementor-element-364d7b3 elementor-widget elementor-widget-image\" data-id=\"364d7b3\" data-element_type=\"widget\" data-e-type=\"widget\" data-widget_type=\"image.default\">\n\t\t\t\t<div class=\"elementor-widget-container\">\n\t\t\t\t\t\t\t\t\t\t\t\t\t\t\t<img loading=\"lazy\" decoding=\"async\" width=\"70\" height=\"66\" src=\"https:\/\/riadmarwamarrakech.com\/wp-content\/uploads\/2024\/12\/bathroom-def.png\" class=\"attachment-large size-large wp-image-995\" alt=\"\" \/>\t\t\t\t\t\t\t\t\t\t\t\t\t\t\t<\/div>\n\t\t\t\t<\/div>\n\t\t\t\t<div class=\"elementor-element elementor-element-6d328b6 elementor-widget elementor-widget-text-editor\" data-id=\"6d328b6\" data-element_type=\"widget\" data-e-type=\"widget\" data-widget_type=\"text-editor.default\">\n\t\t\t\t<div class=\"elementor-widget-container\">\n\t\t\t\t\t\t\t\t\t<h5>Ba\u00f1o privado y ducha<\/h5>\t\t\t\t\t\t\t\t<\/div>\n\t\t\t\t<\/div>\n\t\t\t\t<\/div>\n\t\t<div class=\"elementor-element elementor-element-359f00d e-con-full e-flex e-con e-child\" data-id=\"359f00d\" data-element_type=\"container\" data-e-type=\"container\">\n\t\t\t\t<div class=\"elementor-element elementor-element-f6eec15 elementor-widget elementor-widget-image\" data-id=\"f6eec15\" data-element_type=\"widget\" data-e-type=\"widget\" data-widget_type=\"image.default\">\n\t\t\t\t<div class=\"elementor-widget-container\">\n\t\t\t\t\t\t\t\t\t\t\t\t\t\t\t<img loading=\"lazy\" decoding=\"async\" width=\"70\" height=\"66\" src=\"https:\/\/riadmarwamarrakech.com\/wp-content\/uploads\/2024\/12\/air-conditioner-def.png\" class=\"attachment-large size-large wp-image-992\" alt=\"\" \/>\t\t\t\t\t\t\t\t\t\t\t\t\t\t\t<\/div>\n\t\t\t\t<\/div>\n\t\t\t\t<div class=\"elementor-element elementor-element-9ab842b elementor-widget elementor-widget-text-editor\" data-id=\"9ab842b\" data-element_type=\"widget\" data-e-type=\"widget\" data-widget_type=\"text-editor.default\">\n\t\t\t\t<div class=\"elementor-widget-container\">\n\t\t\t\t\t\t\t\t\t<h5>Aire acondicionado<\/h5>\t\t\t\t\t\t\t\t<\/div>\n\t\t\t\t<\/div>\n\t\t\t\t<\/div>\n\t\t<div class=\"elementor-element elementor-element-ec7fc10 e-con-full e-flex e-con e-child\" data-id=\"ec7fc10\" data-element_type=\"container\" data-e-type=\"container\">\n\t\t\t\t<div class=\"elementor-element elementor-element-5990ec5 elementor-widget elementor-widget-image\" data-id=\"5990ec5\" data-element_type=\"widget\" data-e-type=\"widget\" data-widget_type=\"image.default\">\n\t\t\t\t<div class=\"elementor-widget-container\">\n\t\t\t\t\t\t\t\t\t\t\t\t\t\t\t<img loading=\"lazy\" decoding=\"async\" width=\"70\" height=\"66\" src=\"https:\/\/riadmarwamarrakech.com\/wp-content\/uploads\/2024\/12\/wifi-def.png\" class=\"attachment-large size-large wp-image-1007\" alt=\"\" \/>\t\t\t\t\t\t\t\t\t\t\t\t\t\t\t<\/div>\n\t\t\t\t<\/div>\n\t\t\t\t<div class=\"elementor-element elementor-element-606f65a elementor-widget elementor-widget-text-editor\" data-id=\"606f65a\" data-element_type=\"widget\" data-e-type=\"widget\" data-widget_type=\"text-editor.default\">\n\t\t\t\t<div class=\"elementor-widget-container\">\n\t\t\t\t\t\t\t\t\t<h5>Wifi y punto de acceso<\/h5>\t\t\t\t\t\t\t\t<\/div>\n\t\t\t\t<\/div>\n\t\t\t\t<\/div>\n\t\t\t\t<\/div>\n\t\t<div class=\"elementor-element elementor-element-56b953c e-con-full e-flex e-con e-parent\" data-id=\"56b953c\" data-element_type=\"container\" data-e-type=\"container\" data-settings=\"{&quot;background_background&quot;:&quot;classic&quot;}\">\n\t\t<div class=\"elementor-element elementor-element-6891706c e-con-full e-flex e-con e-child\" data-id=\"6891706c\" data-element_type=\"container\" data-e-type=\"container\">\n\t\t\t\t<div class=\"elementor-element elementor-element-79a2d9e2 elementor-widget elementor-widget-text-editor\" data-id=\"79a2d9e2\" data-element_type=\"widget\" data-e-type=\"widget\" data-widget_type=\"text-editor.default\">\n\t\t\t\t<div class=\"elementor-widget-container\">\n\t\t\t\t\t\t\t\t\t<h5><span style=\"color: #ffffff;\">Reserva ya tu estancia.<br \/>\nConsulta la disponibilidad de apartamentos<\/span><\/h5>\t\t\t\t\t\t\t\t<\/div>\n\t\t\t\t<\/div>\n\t\t\t\t<\/div>\n\t\t<div class=\"elementor-element elementor-element-1155cebe e-con-full e-flex e-con e-child\" data-id=\"1155cebe\" data-element_type=\"container\" data-e-type=\"container\">\n\t\t\t\t<div class=\"elementor-element elementor-element-5d828006 elementor-align-right elementor-widget elementor-widget-button\" data-id=\"5d828006\" data-element_type=\"widget\" data-e-type=\"widget\" data-widget_type=\"button.default\">\n\t\t\t\t<div class=\"elementor-widget-container\">\n\t\t\t\t\t\t\t\t\t<div class=\"elementor-button-wrapper\">\n\t\t\t\t\t<a class=\"elementor-button elementor-button-link elementor-size-sm\" href=\"https:\/\/riadmarwamarrakech.com\/home\/es\/reserva\/\">\n\t\t\t\t\t\t<span class=\"elementor-button-content-wrapper\">\n\t\t\t\t\t\t\t\t\t<span class=\"elementor-button-text\">RESERVA<\/span>\n\t\t\t\t\t<\/span>\n\t\t\t\t\t<\/a>\n\t\t\t\t<\/div>\n\t\t\t\t\t\t\t\t<\/div>\n\t\t\t\t<\/div>\n\t\t\t\t<\/div>\n\t\t\t\t<\/div>\n\t\t\t\t<\/div>\n\t\t","protected":false},"excerpt":{"rendered":"<p>Suite Majdouline Riad Marwa Marrakech Majdouline Una magn\u00edfica suite con paredes de tadelakt en colores tradicionales marroqu\u00edes, tiene alrededor de 20 m\u00b2 de superficie. Esta suite<span class=\"excerpt-hellip\"> [\u2026]<\/span><\/p>\n","protected":false},"author":1,"featured_media":1100,"parent":1356,"menu_order":0,"comment_status":"closed","ping_status":"closed","template":"","meta":{"footnotes":""},"class_list":["post-1433","page","type-page","status-publish","has-post-thumbnail","hentry"],"_links":{"self":[{"href":"https:\/\/riadmarwamarrakech.com\/es\/wp-json\/wp\/v2\/pages\/1433","targetHints":{"allow":["GET"]}}],"collection":[{"href":"https:\/\/riadmarwamarrakech.com\/es\/wp-json\/wp\/v2\/pages"}],"about":[{"href":"https:\/\/riadmarwamarrakech.com\/es\/wp-json\/wp\/v2\/types\/page"}],"author":[{"embeddable":true,"href":"https:\/\/riadmarwamarrakech.com\/es\/wp-json\/wp\/v2\/users\/1"}],"replies":[{"embeddable":true,"href":"https:\/\/riadmarwamarrakech.com\/es\/wp-json\/wp\/v2\/comments?post=1433"}],"version-history":[{"count":4,"href":"https:\/\/riadmarwamarrakech.com\/es\/wp-json\/wp\/v2\/pages\/1433\/revisions"}],"predecessor-version":[{"id":1590,"href":"https:\/\/riadmarwamarrakech.com\/es\/wp-json\/wp\/v2\/pages\/1433\/revisions\/1590"}],"up":[{"embeddable":true,"href":"https:\/\/riadmarwamarrakech.com\/es\/wp-json\/wp\/v2\/pages\/1356"}],"wp:featuredmedia":[{"embeddable":true,"href":"https:\/\/riadmarwamarrakech.com\/es\/wp-json\/wp\/v2\/media\/1100"}],"wp:attachment":[{"href":"https:\/\/riadmarwamarrakech.com\/es\/wp-json\/wp\/v2\/media?parent=1433"}],"curies":[{"name":"wp","href":"https:\/\/api.w.org\/{rel}","templated":true}]}}