{"id":1384,"date":"2024-12-17T08:34:32","date_gmt":"2024-12-17T07:34:32","guid":{"rendered":"https:\/\/riadmarwamarrakech.com\/services\/"},"modified":"2024-12-19T18:45:05","modified_gmt":"2024-12-19T17:45:05","slug":"prestations","status":"publish","type":"page","link":"https:\/\/riadmarwamarrakech.com\/fr\/prestations\/","title":{"rendered":"Prestations"},"content":{"rendered":"\t\t<div data-elementor-type=\"wp-page\" data-elementor-id=\"1384\" class=\"elementor elementor-1384 elementor-450\" data-elementor-post-type=\"page\">\n\t\t\t\t<div class=\"elementor-element elementor-element-53b54855 e-flex e-con-boxed e-con e-parent\" data-id=\"53b54855\" data-element_type=\"container\" data-e-type=\"container\">\n\t\t\t\t\t<div class=\"e-con-inner\">\n\t\t\t\t<div class=\"elementor-element elementor-element-71e8a186 elementor-widget elementor-widget-text-editor\" data-id=\"71e8a186\" data-element_type=\"widget\" data-e-type=\"widget\" data-widget_type=\"text-editor.default\">\n\t\t\t\t<div class=\"elementor-widget-container\">\n\t\t\t\t\t\t\t\t\t<h2>Que propose notre Riad ?<\/h2>\t\t\t\t\t\t\t\t<\/div>\n\t\t\t\t<\/div>\n\t\t\t\t<div class=\"elementor-element elementor-element-60e1cc30 elementor-widget elementor-widget-text-editor\" data-id=\"60e1cc30\" data-element_type=\"widget\" data-e-type=\"widget\" data-widget_type=\"text-editor.default\">\n\t\t\t\t<div class=\"elementor-widget-container\">\n\t\t\t\t\t\t\t\t\t<h4>D\u00e9couvrez notre offre de services<\/h4>\t\t\t\t\t\t\t\t<\/div>\n\t\t\t\t<\/div>\n\t\t\t\t\t<\/div>\n\t\t\t\t<\/div>\n\t\t\t\t<section class=\"elementor-section elementor-top-section elementor-element elementor-element-69ba849e elementor-section-stretched elementor-section-full_width elementor-section-height-default elementor-section-height-default\" data-id=\"69ba849e\" data-element_type=\"section\" data-e-type=\"section\" data-settings=\"{&quot;stretch_section&quot;:&quot;section-stretched&quot;}\">\n\t\t\t\t\t\t<div class=\"elementor-container elementor-column-gap-wider\">\n\t\t\t\t\t<div class=\"elementor-column elementor-col-100 elementor-top-column elementor-element elementor-element-11099b45\" data-id=\"11099b45\" data-element_type=\"column\" data-e-type=\"column\">\n\t\t\t<div class=\"elementor-widget-wrap elementor-element-populated\">\n\t\t\t\t\t\t<section class=\"elementor-section elementor-inner-section elementor-element elementor-element-4a95cfc6 elementor-section-content-middle elementor-section-full_width elementor-section-height-default elementor-section-height-default\" data-id=\"4a95cfc6\" data-element_type=\"section\" data-e-type=\"section\">\n\t\t\t\t\t\t<div class=\"elementor-container elementor-column-gap-default\">\n\t\t\t\t\t<div class=\"elementor-column elementor-col-50 elementor-inner-column elementor-element elementor-element-73e7eb39\" data-id=\"73e7eb39\" data-element_type=\"column\" data-e-type=\"column\">\n\t\t\t<div class=\"elementor-widget-wrap elementor-element-populated\">\n\t\t\t\t\t\t<div class=\"elementor-element elementor-element-10bfe043 elementor-widget elementor-widget-image\" data-id=\"10bfe043\" data-element_type=\"widget\" data-e-type=\"widget\" data-widget_type=\"image.default\">\n\t\t\t\t<div class=\"elementor-widget-container\">\n\t\t\t\t\t\t\t\t\t\t\t\t\t\t\t<img fetchpriority=\"high\" decoding=\"async\" width=\"1200\" height=\"800\" src=\"https:\/\/riadmarwamarrakech.com\/wp-content\/uploads\/2024\/12\/aieport.jpg\" class=\"attachment-full size-full wp-image-1101\" alt=\"\" srcset=\"https:\/\/riadmarwamarrakech.com\/wp-content\/uploads\/2024\/12\/aieport.jpg 1200w, https:\/\/riadmarwamarrakech.com\/wp-content\/uploads\/2024\/12\/aieport-500x333.jpg 500w, https:\/\/riadmarwamarrakech.com\/wp-content\/uploads\/2024\/12\/aieport-300x200.jpg 300w, https:\/\/riadmarwamarrakech.com\/wp-content\/uploads\/2024\/12\/aieport-768x512.jpg 768w, https:\/\/riadmarwamarrakech.com\/wp-content\/uploads\/2024\/12\/aieport-113x75.jpg 113w, https:\/\/riadmarwamarrakech.com\/wp-content\/uploads\/2024\/12\/aieport-480x320.jpg 480w\" sizes=\"(max-width:767px) 480px, (max-width:1200px) 100vw, 1200px\" \/>\t\t\t\t\t\t\t\t\t\t\t\t\t\t\t<\/div>\n\t\t\t\t<\/div>\n\t\t\t\t\t<\/div>\n\t\t<\/div>\n\t\t\t\t<div class=\"elementor-column elementor-col-50 elementor-inner-column elementor-element elementor-element-7e0f0516\" data-id=\"7e0f0516\" data-element_type=\"column\" data-e-type=\"column\">\n\t\t\t<div class=\"elementor-widget-wrap elementor-element-populated\">\n\t\t\t\t\t\t<div class=\"elementor-element elementor-element-7bf831c7 elementor-widget elementor-widget-text-editor\" data-id=\"7bf831c7\" data-element_type=\"widget\" data-e-type=\"widget\" data-widget_type=\"text-editor.default\">\n\t\t\t\t<div class=\"elementor-widget-container\">\n\t\t\t\t\t\t\t\t\t<h3>Service de transfert a\u00e9roport Riad Marwa<\/h3><p>Si vous le souhaitez, nous pouvons vous faciliter un transfert de l&rsquo;a\u00e9roport au Riad et vice versa.<\/p><p><strong>Le prix du transfert est de :<\/strong><\/p><p>Transfert\/trajet (1-3 pax.) : 20\u20ac<br \/>Transfert\/trajet (4-7 pax.) : 30 \u20ac<br \/>Transfert\/trajet (7-10 pax.) : 35\u20ac<br \/>Transfert\/trajet plus de 11 personnes : nous contacter.<\/p>\t\t\t\t\t\t\t\t<\/div>\n\t\t\t\t<\/div>\n\t\t\t\t\t<\/div>\n\t\t<\/div>\n\t\t\t\t\t<\/div>\n\t\t<\/section>\n\t\t\t\t<section class=\"elementor-section elementor-inner-section elementor-element elementor-element-1de6874 elementor-section-content-middle elementor-section-full_width elementor-section-height-default elementor-section-height-default\" data-id=\"1de6874\" data-element_type=\"section\" data-e-type=\"section\" data-settings=\"{&quot;background_background&quot;:&quot;classic&quot;}\">\n\t\t\t\t\t\t<div class=\"elementor-container elementor-column-gap-default\">\n\t\t\t\t\t<div class=\"elementor-column elementor-col-50 elementor-inner-column elementor-element elementor-element-b4060d8\" data-id=\"b4060d8\" data-element_type=\"column\" data-e-type=\"column\">\n\t\t\t<div class=\"elementor-widget-wrap elementor-element-populated\">\n\t\t\t\t\t\t<div class=\"elementor-element elementor-element-6383398 elementor-widget elementor-widget-text-editor\" data-id=\"6383398\" data-element_type=\"widget\" data-e-type=\"widget\" data-widget_type=\"text-editor.default\">\n\t\t\t\t<div class=\"elementor-widget-container\">\n\t\t\t\t\t\t\t\t\t<h3>Petit d\u00e9jeuner traditionnel et cuisine marocaine<\/h3>\nPetit d\u00e9jeuner traditionnel &#8211; Le Riad propose de d\u00e9licieux petits d\u00e9jeuners pr\u00e9par\u00e9s avec des produits locaux.\n\nLe Riad offre la possibilit\u00e9 de d\u00e9guster des plats traditionnels de la cuisine marocaine tels que le couscous, les tajines, le M\u00e9choui, les kebabs, etc, &#8230;\t\t\t\t\t\t\t\t<\/div>\n\t\t\t\t<\/div>\n\t\t\t\t\t<\/div>\n\t\t<\/div>\n\t\t\t\t<div class=\"elementor-column elementor-col-50 elementor-inner-column elementor-element elementor-element-645d12a\" data-id=\"645d12a\" data-element_type=\"column\" data-e-type=\"column\">\n\t\t\t<div class=\"elementor-widget-wrap elementor-element-populated\">\n\t\t\t\t\t\t<div class=\"elementor-element elementor-element-1540dcd elementor-widget elementor-widget-image\" data-id=\"1540dcd\" data-element_type=\"widget\" data-e-type=\"widget\" data-widget_type=\"image.default\">\n\t\t\t\t<div class=\"elementor-widget-container\">\n\t\t\t\t\t\t\t\t\t\t\t\t\t\t\t<img decoding=\"async\" width=\"1200\" height=\"837\" src=\"https:\/\/riadmarwamarrakech.com\/wp-content\/uploads\/2024\/12\/Moroccan-Cuisine-home-1.jpg\" class=\"attachment-full size-full wp-image-1104\" alt=\"\" srcset=\"https:\/\/riadmarwamarrakech.com\/wp-content\/uploads\/2024\/12\/Moroccan-Cuisine-home-1.jpg 1200w, https:\/\/riadmarwamarrakech.com\/wp-content\/uploads\/2024\/12\/Moroccan-Cuisine-home-1-500x349.jpg 500w, https:\/\/riadmarwamarrakech.com\/wp-content\/uploads\/2024\/12\/Moroccan-Cuisine-home-1-300x209.jpg 300w, https:\/\/riadmarwamarrakech.com\/wp-content\/uploads\/2024\/12\/Moroccan-Cuisine-home-1-768x536.jpg 768w, https:\/\/riadmarwamarrakech.com\/wp-content\/uploads\/2024\/12\/Moroccan-Cuisine-home-1-108x75.jpg 108w, https:\/\/riadmarwamarrakech.com\/wp-content\/uploads\/2024\/12\/Moroccan-Cuisine-home-1-480x335.jpg 480w\" sizes=\"(max-width:767px) 480px, (max-width:1200px) 100vw, 1200px\" \/>\t\t\t\t\t\t\t\t\t\t\t\t\t\t\t<\/div>\n\t\t\t\t<\/div>\n\t\t\t\t\t<\/div>\n\t\t<\/div>\n\t\t\t\t\t<\/div>\n\t\t<\/section>\n\t\t\t\t<section class=\"elementor-section elementor-inner-section elementor-element elementor-element-82f6907 elementor-section-content-middle elementor-section-full_width elementor-section-height-default elementor-section-height-default\" data-id=\"82f6907\" data-element_type=\"section\" data-e-type=\"section\">\n\t\t\t\t\t\t<div class=\"elementor-container elementor-column-gap-default\">\n\t\t\t\t\t<div class=\"elementor-column elementor-col-50 elementor-inner-column elementor-element elementor-element-261e303\" data-id=\"261e303\" data-element_type=\"column\" data-e-type=\"column\">\n\t\t\t<div class=\"elementor-widget-wrap elementor-element-populated\">\n\t\t\t\t\t\t<div class=\"elementor-element elementor-element-1316f96 elementor-widget elementor-widget-image\" data-id=\"1316f96\" data-element_type=\"widget\" data-e-type=\"widget\" data-widget_type=\"image.default\">\n\t\t\t\t<div class=\"elementor-widget-container\">\n\t\t\t\t\t\t\t\t\t\t\t\t\t\t\t<img decoding=\"async\" width=\"1200\" height=\"800\" src=\"https:\/\/riadmarwamarrakech.com\/wp-content\/uploads\/2024\/12\/DSC06533_4_5_6_7-1.jpg\" class=\"attachment-full size-full wp-image-870\" alt=\"\" srcset=\"https:\/\/riadmarwamarrakech.com\/wp-content\/uploads\/2024\/12\/DSC06533_4_5_6_7-1.jpg 1200w, https:\/\/riadmarwamarrakech.com\/wp-content\/uploads\/2024\/12\/DSC06533_4_5_6_7-1-500x333.jpg 500w, https:\/\/riadmarwamarrakech.com\/wp-content\/uploads\/2024\/12\/DSC06533_4_5_6_7-1-300x200.jpg 300w, https:\/\/riadmarwamarrakech.com\/wp-content\/uploads\/2024\/12\/DSC06533_4_5_6_7-1-768x512.jpg 768w, https:\/\/riadmarwamarrakech.com\/wp-content\/uploads\/2024\/12\/DSC06533_4_5_6_7-1-113x75.jpg 113w, https:\/\/riadmarwamarrakech.com\/wp-content\/uploads\/2024\/12\/DSC06533_4_5_6_7-1-480x320.jpg 480w\" sizes=\"(max-width:767px) 480px, (max-width:1200px) 100vw, 1200px\" \/>\t\t\t\t\t\t\t\t\t\t\t\t\t\t\t<\/div>\n\t\t\t\t<\/div>\n\t\t\t\t\t<\/div>\n\t\t<\/div>\n\t\t\t\t<div class=\"elementor-column elementor-col-50 elementor-inner-column elementor-element elementor-element-d56fb9c\" data-id=\"d56fb9c\" data-element_type=\"column\" data-e-type=\"column\">\n\t\t\t<div class=\"elementor-widget-wrap elementor-element-populated\">\n\t\t\t\t\t\t<div class=\"elementor-element elementor-element-f6c59c6 elementor-widget elementor-widget-text-editor\" data-id=\"f6c59c6\" data-element_type=\"widget\" data-e-type=\"widget\" data-widget_type=\"text-editor.default\">\n\t\t\t\t<div class=\"elementor-widget-container\">\n\t\t\t\t\t\t\t\t\t<h3>Terrasse ensoleill\u00e9e avec vue<\/h3>\nNous disposons de chaises longues et d&rsquo;un coin salon\npour mieux profiter de votre s\u00e9jour \u00e0 Marrakech.\t\t\t\t\t\t\t\t<\/div>\n\t\t\t\t<\/div>\n\t\t\t\t\t<\/div>\n\t\t<\/div>\n\t\t\t\t\t<\/div>\n\t\t<\/section>\n\t\t\t\t<section class=\"elementor-section elementor-inner-section elementor-element elementor-element-a6320f0 elementor-section-content-middle elementor-section-full_width elementor-section-height-default elementor-section-height-default\" data-id=\"a6320f0\" data-element_type=\"section\" data-e-type=\"section\" data-settings=\"{&quot;background_background&quot;:&quot;classic&quot;}\">\n\t\t\t\t\t\t<div class=\"elementor-container elementor-column-gap-default\">\n\t\t\t\t\t<div class=\"elementor-column elementor-col-50 elementor-inner-column elementor-element elementor-element-1cbbb3d\" data-id=\"1cbbb3d\" data-element_type=\"column\" data-e-type=\"column\">\n\t\t\t<div class=\"elementor-widget-wrap elementor-element-populated\">\n\t\t\t\t\t\t<div class=\"elementor-element elementor-element-d1c8a6d elementor-widget elementor-widget-text-editor\" data-id=\"d1c8a6d\" data-element_type=\"widget\" data-e-type=\"widget\" data-widget_type=\"text-editor.default\">\n\t\t\t\t<div class=\"elementor-widget-container\">\n\t\t\t\t\t\t\t\t\t<h3>Excursions avec nos guides<\/h3>\nNous pouvons vous conseiller et organiser vos visites et excursions\t\t\t\t\t\t\t\t<\/div>\n\t\t\t\t<\/div>\n\t\t\t\t\t<\/div>\n\t\t<\/div>\n\t\t\t\t<div class=\"elementor-column elementor-col-50 elementor-inner-column elementor-element elementor-element-7fc31d6\" data-id=\"7fc31d6\" data-element_type=\"column\" data-e-type=\"column\">\n\t\t\t<div class=\"elementor-widget-wrap elementor-element-populated\">\n\t\t\t\t\t\t<div class=\"elementor-element elementor-element-c7848cd elementor-widget elementor-widget-image\" data-id=\"c7848cd\" data-element_type=\"widget\" data-e-type=\"widget\" data-widget_type=\"image.default\">\n\t\t\t\t<div class=\"elementor-widget-container\">\n\t\t\t\t\t\t\t\t\t\t\t\t\t\t\t<img loading=\"lazy\" decoding=\"async\" width=\"1200\" height=\"800\" src=\"https:\/\/riadmarwamarrakech.com\/wp-content\/uploads\/2024\/12\/Experience.jpg\" class=\"attachment-full size-full wp-image-1107\" alt=\"\" srcset=\"https:\/\/riadmarwamarrakech.com\/wp-content\/uploads\/2024\/12\/Experience.jpg 1200w, https:\/\/riadmarwamarrakech.com\/wp-content\/uploads\/2024\/12\/Experience-500x333.jpg 500w, https:\/\/riadmarwamarrakech.com\/wp-content\/uploads\/2024\/12\/Experience-300x200.jpg 300w, https:\/\/riadmarwamarrakech.com\/wp-content\/uploads\/2024\/12\/Experience-768x512.jpg 768w, https:\/\/riadmarwamarrakech.com\/wp-content\/uploads\/2024\/12\/Experience-113x75.jpg 113w, https:\/\/riadmarwamarrakech.com\/wp-content\/uploads\/2024\/12\/Experience-480x320.jpg 480w\" sizes=\"(max-width:767px) 480px, (max-width:1200px) 100vw, 1200px\" \/>\t\t\t\t\t\t\t\t\t\t\t\t\t\t\t<\/div>\n\t\t\t\t<\/div>\n\t\t\t\t\t<\/div>\n\t\t<\/div>\n\t\t\t\t\t<\/div>\n\t\t<\/section>\n\t\t\t\t<section class=\"elementor-section elementor-inner-section elementor-element elementor-element-cbb9736 elementor-section-content-middle elementor-section-full_width elementor-section-height-default elementor-section-height-default\" data-id=\"cbb9736\" data-element_type=\"section\" data-e-type=\"section\">\n\t\t\t\t\t\t<div class=\"elementor-container elementor-column-gap-default\">\n\t\t\t\t\t<div class=\"elementor-column elementor-col-50 elementor-inner-column elementor-element elementor-element-e44e3c0\" data-id=\"e44e3c0\" data-element_type=\"column\" data-e-type=\"column\">\n\t\t\t<div class=\"elementor-widget-wrap elementor-element-populated\">\n\t\t\t\t\t\t<div class=\"elementor-element elementor-element-6a8cf28 elementor-widget elementor-widget-image\" data-id=\"6a8cf28\" data-element_type=\"widget\" data-e-type=\"widget\" data-widget_type=\"image.default\">\n\t\t\t\t<div class=\"elementor-widget-container\">\n\t\t\t\t\t\t\t\t\t\t\t\t\t\t\t<img loading=\"lazy\" decoding=\"async\" width=\"1200\" height=\"800\" src=\"https:\/\/riadmarwamarrakech.com\/wp-content\/uploads\/2024\/12\/about-in.jpg\" class=\"attachment-full size-full wp-image-1110\" alt=\"\" srcset=\"https:\/\/riadmarwamarrakech.com\/wp-content\/uploads\/2024\/12\/about-in.jpg 1200w, https:\/\/riadmarwamarrakech.com\/wp-content\/uploads\/2024\/12\/about-in-500x333.jpg 500w, https:\/\/riadmarwamarrakech.com\/wp-content\/uploads\/2024\/12\/about-in-300x200.jpg 300w, https:\/\/riadmarwamarrakech.com\/wp-content\/uploads\/2024\/12\/about-in-768x512.jpg 768w, https:\/\/riadmarwamarrakech.com\/wp-content\/uploads\/2024\/12\/about-in-113x75.jpg 113w, https:\/\/riadmarwamarrakech.com\/wp-content\/uploads\/2024\/12\/about-in-480x320.jpg 480w\" sizes=\"(max-width:767px) 480px, (max-width:1200px) 100vw, 1200px\" \/>\t\t\t\t\t\t\t\t\t\t\t\t\t\t\t<\/div>\n\t\t\t\t<\/div>\n\t\t\t\t\t<\/div>\n\t\t<\/div>\n\t\t\t\t<div class=\"elementor-column elementor-col-50 elementor-inner-column elementor-element elementor-element-252d715\" data-id=\"252d715\" data-element_type=\"column\" data-e-type=\"column\">\n\t\t\t<div class=\"elementor-widget-wrap elementor-element-populated\">\n\t\t\t\t\t\t<div class=\"elementor-element elementor-element-8e7f998 elementor-widget elementor-widget-text-editor\" data-id=\"8e7f998\" data-element_type=\"widget\" data-e-type=\"widget\" data-widget_type=\"text-editor.default\">\n\t\t\t\t<div class=\"elementor-widget-container\">\n\t\t\t\t\t\t\t\t\t<h3>Ici vous trouverez la paix et le repos. Venez au Maroc<\/h3><p>Riad Marwa est une ancienne maison traditionnelle marocaine, avec une cour andaouline qui contenait une fontaine, l&rsquo;entr\u00e9e de celle-ci incite \u00e0 la r\u00e9flexion car toutes les 5 chambres s&rsquo;ouvrent sur l&rsquo;espace atrium central.<\/p><p>Le riad a \u00e9t\u00e9 restaur\u00e9 par les mains du propri\u00e9taire ABDELMEJID en 2016, et maintenant il est pr\u00eat \u00e0 vous accueillir et \u00e0 faire de bonnes attentes aux clients.<\/p><p>Vous \u00eates les bienvenus et Marhaba.<\/p>\t\t\t\t\t\t\t\t<\/div>\n\t\t\t\t<\/div>\n\t\t\t\t\t<\/div>\n\t\t<\/div>\n\t\t\t\t\t<\/div>\n\t\t<\/section>\n\t\t\t\t\t<\/div>\n\t\t<\/div>\n\t\t\t\t\t<\/div>\n\t\t<\/section>\n\t\t\t\t<\/div>\n\t\t","protected":false},"excerpt":{"rendered":"<p>Que propose notre Riad ? D\u00e9couvrez notre offre de services Service de transfert a\u00e9roport Riad Marwa Si vous le souhaitez, nous pouvons vous faciliter un transfert<span class=\"excerpt-hellip\"> [\u2026]<\/span><\/p>\n","protected":false},"author":1,"featured_media":855,"parent":0,"menu_order":0,"comment_status":"closed","ping_status":"closed","template":"elementor_header_footer","meta":{"footnotes":""},"class_list":["post-1384","page","type-page","status-publish","has-post-thumbnail","hentry"],"_links":{"self":[{"href":"https:\/\/riadmarwamarrakech.com\/fr\/wp-json\/wp\/v2\/pages\/1384","targetHints":{"allow":["GET"]}}],"collection":[{"href":"https:\/\/riadmarwamarrakech.com\/fr\/wp-json\/wp\/v2\/pages"}],"about":[{"href":"https:\/\/riadmarwamarrakech.com\/fr\/wp-json\/wp\/v2\/types\/page"}],"author":[{"embeddable":true,"href":"https:\/\/riadmarwamarrakech.com\/fr\/wp-json\/wp\/v2\/users\/1"}],"replies":[{"embeddable":true,"href":"https:\/\/riadmarwamarrakech.com\/fr\/wp-json\/wp\/v2\/comments?post=1384"}],"version-history":[{"count":4,"href":"https:\/\/riadmarwamarrakech.com\/fr\/wp-json\/wp\/v2\/pages\/1384\/revisions"}],"predecessor-version":[{"id":1645,"href":"https:\/\/riadmarwamarrakech.com\/fr\/wp-json\/wp\/v2\/pages\/1384\/revisions\/1645"}],"wp:featuredmedia":[{"embeddable":true,"href":"https:\/\/riadmarwamarrakech.com\/fr\/wp-json\/wp\/v2\/media\/855"}],"wp:attachment":[{"href":"https:\/\/riadmarwamarrakech.com\/fr\/wp-json\/wp\/v2\/media?parent=1384"}],"curies":[{"name":"wp","href":"https:\/\/api.w.org\/{rel}","templated":true}]}}