{"id":1440,"date":"2020-03-03T13:48:42","date_gmt":"2020-03-03T12:48:42","guid":{"rendered":"https:\/\/riadmarwamarrakech.com\/chambres\/room-marwa\/"},"modified":"2024-12-19T18:40:34","modified_gmt":"2024-12-19T17:40:34","slug":"chambre-marwa","status":"publish","type":"page","link":"https:\/\/riadmarwamarrakech.com\/fr\/chambres\/chambre-marwa\/","title":{"rendered":"Chambre Marwa"},"content":{"rendered":"\t\t<div data-elementor-type=\"wp-page\" data-elementor-id=\"1440\" class=\"elementor elementor-1440 elementor-57\" data-elementor-post-type=\"page\">\n\t\t\t\t<div class=\"elementor-element elementor-element-1447986 e-flex e-con-boxed e-con e-parent\" data-id=\"1447986\" data-element_type=\"container\" data-e-type=\"container\">\n\t\t\t\t\t<div class=\"e-con-inner\">\n\t\t\t\t<div class=\"elementor-element elementor-element-c464709 elementor-widget elementor-widget-text-editor\" data-id=\"c464709\" data-element_type=\"widget\" data-e-type=\"widget\" data-widget_type=\"text-editor.default\">\n\t\t\t\t<div class=\"elementor-widget-container\">\n\t\t\t\t\t\t\t\t\t<h3>Chambre Marwa<\/h3>\n<h4>Riad Marwa Marrakech<\/h4>\t\t\t\t\t\t\t\t<\/div>\n\t\t\t\t<\/div>\n\t\t\t\t\t<\/div>\n\t\t\t\t<\/div>\n\t\t\t\t<section class=\"elementor-section elementor-inner-section elementor-element elementor-element-282e6ea1 elementor-section-content-middle elementor-section-full_width elementor-section-height-default elementor-section-height-default\" data-id=\"282e6ea1\" data-element_type=\"section\" data-e-type=\"section\" data-settings=\"{&quot;background_background&quot;:&quot;classic&quot;}\">\n\t\t\t\t\t\t<div class=\"elementor-container elementor-column-gap-default\">\n\t\t\t\t\t<div class=\"elementor-column elementor-col-50 elementor-inner-column elementor-element elementor-element-65f115fc\" data-id=\"65f115fc\" data-element_type=\"column\" data-e-type=\"column\">\n\t\t\t<div class=\"elementor-widget-wrap elementor-element-populated\">\n\t\t\t\t\t\t<div class=\"elementor-element elementor-element-595ae5cd elementor-widget elementor-widget-image\" data-id=\"595ae5cd\" data-element_type=\"widget\" data-e-type=\"widget\" data-widget_type=\"image.default\">\n\t\t\t\t<div class=\"elementor-widget-container\">\n\t\t\t\t\t\t\t\t\t\t\t\t\t\t\t<img fetchpriority=\"high\" decoding=\"async\" width=\"1920\" height=\"1280\" src=\"https:\/\/riadmarwamarrakech.com\/wp-content\/uploads\/2024\/12\/DSC07015-1.jpg\" class=\"attachment-full size-full wp-image-984\" alt=\"\" srcset=\"https:\/\/riadmarwamarrakech.com\/wp-content\/uploads\/2024\/12\/DSC07015-1.jpg 1920w, https:\/\/riadmarwamarrakech.com\/wp-content\/uploads\/2024\/12\/DSC07015-1-500x333.jpg 500w, https:\/\/riadmarwamarrakech.com\/wp-content\/uploads\/2024\/12\/DSC07015-1-1200x800.jpg 1200w, https:\/\/riadmarwamarrakech.com\/wp-content\/uploads\/2024\/12\/DSC07015-1-300x200.jpg 300w, https:\/\/riadmarwamarrakech.com\/wp-content\/uploads\/2024\/12\/DSC07015-1-768x512.jpg 768w, https:\/\/riadmarwamarrakech.com\/wp-content\/uploads\/2024\/12\/DSC07015-1-1536x1024.jpg 1536w, https:\/\/riadmarwamarrakech.com\/wp-content\/uploads\/2024\/12\/DSC07015-1-113x75.jpg 113w, https:\/\/riadmarwamarrakech.com\/wp-content\/uploads\/2024\/12\/DSC07015-1-480x320.jpg 480w\" sizes=\"(max-width:767px) 480px, (max-width:1920px) 100vw, 1920px\" \/>\t\t\t\t\t\t\t\t\t\t\t\t\t\t\t<\/div>\n\t\t\t\t<\/div>\n\t\t\t\t\t<\/div>\n\t\t<\/div>\n\t\t\t\t<div class=\"elementor-column elementor-col-50 elementor-inner-column elementor-element elementor-element-66284f5a\" data-id=\"66284f5a\" data-element_type=\"column\" data-e-type=\"column\">\n\t\t\t<div class=\"elementor-widget-wrap elementor-element-populated\">\n\t\t\t\t\t\t<div class=\"elementor-element elementor-element-1f6f38fc elementor-widget elementor-widget-text-editor\" data-id=\"1f6f38fc\" data-element_type=\"widget\" data-e-type=\"widget\" data-widget_type=\"text-editor.default\">\n\t\t\t\t<div class=\"elementor-widget-container\">\n\t\t\t\t\t\t\t\t\t<h4>Marwa<\/h4><p>Marwa est une chambre twin avec deux lits s\u00e9par\u00e9s, d\u2019environ 10 m\u00b2, \u00e9quip\u00e9e de literie de haute qualit\u00e9, s\u00e8che-cheveux, serviettes, salle de bain priv\u00e9e et douche.<\/p>\t\t\t\t\t\t\t\t<\/div>\n\t\t\t\t<\/div>\n\t\t\t\t\t<\/div>\n\t\t<\/div>\n\t\t\t\t\t<\/div>\n\t\t<\/section>\n\t\t<div class=\"elementor-element elementor-element-f24e1d6 e-con-full e-flex e-con e-parent\" data-id=\"f24e1d6\" data-element_type=\"container\" data-e-type=\"container\" data-settings=\"{&quot;background_background&quot;:&quot;classic&quot;}\">\n\t\t\t\t<div class=\"elementor-element elementor-element-bce24a3 elementor-widget elementor-widget-text-editor\" data-id=\"bce24a3\" data-element_type=\"widget\" data-e-type=\"widget\" data-widget_type=\"text-editor.default\">\n\t\t\t\t<div class=\"elementor-widget-container\">\n\t\t\t\t\t\t\t\t\t<h3>Galerie<\/h3>\t\t\t\t\t\t\t\t<\/div>\n\t\t\t\t<\/div>\n\t\t\t\t<div class=\"elementor-element elementor-element-c972002 elementor-widget elementor-widget-wpmf_gallery\" data-id=\"c972002\" data-element_type=\"widget\" data-e-type=\"widget\" data-widget_type=\"wpmf_gallery.default\">\n\t\t\t\t<div class=\"elementor-widget-container\">\n\t\t\t\t\t<div class=\"wpmf-gallerys wpmf-gallerys-life \" ><div id=\"gallery-1\" class=\"gallery gallery_life wpmf_gallery_default gallery_default  gallery-columns-5 gallery-size-large gallery-link-file wpmf-has-border-radius-0 wpmf-gutterwidth-5 no_ratio\"><figure class=\"wpmf-gallery-item\" data-index=\"0\"><div class=\"wpmf-gallery-icon\"><div class=\"square_thumbnail\"><div class=\"img_centered\"><a class=\" not_video noLightbox\" data-lightbox=\"1\" data-href=\"https:\/\/riadmarwamarrakech.com\/wp-content\/uploads\/2024\/12\/DSC06910-1200x800.jpg\" title=\"DSC06910\" target=\"_self\" data-index=\"0\"><img decoding=\"async\" class=\"wpmf_img\" alt=\"DSC06910\" src=\"https:\/\/riadmarwamarrakech.com\/wp-content\/uploads\/2024\/12\/DSC06910-1200x800.jpg\" data-type=\"wpmfgalleryimg\" data-attachment-id=\"975\" data-wpmf-size=\"large\" data-lazy-src=\"https:\/\/riadmarwamarrakech.com\/wp-content\/uploads\/2024\/12\/DSC06910-1200x800.jpg\"><\/a><\/div><\/div><\/div><\/figure><figure class=\"wpmf-gallery-item\" data-index=\"1\"><div class=\"wpmf-gallery-icon\"><div class=\"square_thumbnail\"><div class=\"img_centered\"><a class=\" not_video noLightbox\" data-lightbox=\"1\" data-href=\"https:\/\/riadmarwamarrakech.com\/wp-content\/uploads\/2024\/12\/DSC06960-1200x800.jpg\" title=\"DSC06960\" target=\"_self\" data-index=\"1\"><img decoding=\"async\" class=\"wpmf_img\" alt=\"DSC06960\" src=\"https:\/\/riadmarwamarrakech.com\/wp-content\/uploads\/2024\/12\/DSC06960-1200x800.jpg\" data-type=\"wpmfgalleryimg\" data-attachment-id=\"978\" data-wpmf-size=\"large\" data-lazy-src=\"https:\/\/riadmarwamarrakech.com\/wp-content\/uploads\/2024\/12\/DSC06960-1200x800.jpg\"><\/a><\/div><\/div><\/div><\/figure><figure class=\"wpmf-gallery-item\" data-index=\"2\"><div class=\"wpmf-gallery-icon\"><div class=\"square_thumbnail\"><div class=\"img_centered\"><a class=\" not_video noLightbox\" data-lightbox=\"1\" data-href=\"https:\/\/riadmarwamarrakech.com\/wp-content\/uploads\/2024\/12\/DSC07001-1200x800.jpg\" title=\"DSC07001\" target=\"_self\" data-index=\"2\"><img decoding=\"async\" class=\"wpmf_img\" alt=\"DSC07001\" src=\"https:\/\/riadmarwamarrakech.com\/wp-content\/uploads\/2024\/12\/DSC07001-1200x800.jpg\" data-type=\"wpmfgalleryimg\" data-attachment-id=\"981\" data-wpmf-size=\"large\" data-lazy-src=\"https:\/\/riadmarwamarrakech.com\/wp-content\/uploads\/2024\/12\/DSC07001-1200x800.jpg\"><\/a><\/div><\/div><\/div><\/figure><figure class=\"wpmf-gallery-item\" data-index=\"3\"><div class=\"wpmf-gallery-icon\"><div class=\"square_thumbnail\"><div class=\"img_centered\"><a class=\" not_video noLightbox\" data-lightbox=\"1\" data-href=\"https:\/\/riadmarwamarrakech.com\/wp-content\/uploads\/2024\/12\/DSC07015-1-1200x800.jpg\" title=\"DSC07015\" target=\"_self\" data-index=\"3\"><img decoding=\"async\" class=\"wpmf_img\" alt=\"DSC07015\" src=\"https:\/\/riadmarwamarrakech.com\/wp-content\/uploads\/2024\/12\/DSC07015-1-1200x800.jpg\" data-type=\"wpmfgalleryimg\" data-attachment-id=\"984\" data-wpmf-size=\"large\" data-lazy-src=\"https:\/\/riadmarwamarrakech.com\/wp-content\/uploads\/2024\/12\/DSC07015-1-1200x800.jpg\"><\/a><\/div><\/div><\/div><\/figure><figure class=\"wpmf-gallery-item\" data-index=\"4\"><div class=\"wpmf-gallery-icon\"><div class=\"square_thumbnail\"><div class=\"img_centered\"><a class=\" not_video noLightbox\" data-lightbox=\"1\" data-href=\"https:\/\/riadmarwamarrakech.com\/wp-content\/uploads\/2024\/12\/DSC07050-1200x800.jpg\" title=\"DSC07050\" target=\"_self\" data-index=\"4\"><img decoding=\"async\" class=\"wpmf_img\" alt=\"DSC07050\" src=\"https:\/\/riadmarwamarrakech.com\/wp-content\/uploads\/2024\/12\/DSC07050-1200x800.jpg\" data-type=\"wpmfgalleryimg\" data-attachment-id=\"987\" data-wpmf-size=\"large\" data-lazy-src=\"https:\/\/riadmarwamarrakech.com\/wp-content\/uploads\/2024\/12\/DSC07050-1200x800.jpg\"><\/a><\/div><\/div><\/div><\/figure><\/div><\/div>\t\t\t\t<\/div>\n\t\t\t\t<\/div>\n\t\t\t\t<\/div>\n\t\t<div class=\"elementor-element elementor-element-4788057 e-flex e-con-boxed e-con e-parent\" data-id=\"4788057\" data-element_type=\"container\" data-e-type=\"container\" data-settings=\"{&quot;background_background&quot;:&quot;classic&quot;}\">\n\t\t\t\t\t<div class=\"e-con-inner\">\n\t\t\t\t<div class=\"elementor-element elementor-element-039837a elementor-widget elementor-widget-text-editor\" data-id=\"039837a\" data-element_type=\"widget\" data-e-type=\"widget\" data-widget_type=\"text-editor.default\">\n\t\t\t\t<div class=\"elementor-widget-container\">\n\t\t\t\t\t\t\t\t\t<h3>Que propose la Chambre Marwa?<\/h3>\t\t\t\t\t\t\t\t<\/div>\n\t\t\t\t<\/div>\n\t\t\t\t<div class=\"elementor-element elementor-element-6747d64 elementor-widget elementor-widget-text-editor\" data-id=\"6747d64\" data-element_type=\"widget\" data-e-type=\"widget\" data-widget_type=\"text-editor.default\">\n\t\t\t\t<div class=\"elementor-widget-container\">\n\t\t\t\t\t\t\t\t\t<h4>D\u00e9couvrez notre offre de services<\/h4>\t\t\t\t\t\t\t\t<\/div>\n\t\t\t\t<\/div>\n\t\t\t\t\t<\/div>\n\t\t\t\t<\/div>\n\t\t<div class=\"elementor-element elementor-element-df179b6 e-con-full e-flex e-con e-parent\" data-id=\"df179b6\" data-element_type=\"container\" data-e-type=\"container\">\n\t\t<div class=\"elementor-element elementor-element-f2d699c e-con-full e-flex e-con e-child\" data-id=\"f2d699c\" data-element_type=\"container\" data-e-type=\"container\">\n\t\t\t\t<div class=\"elementor-element elementor-element-89288cd elementor-widget elementor-widget-image\" data-id=\"89288cd\" data-element_type=\"widget\" data-e-type=\"widget\" data-widget_type=\"image.default\">\n\t\t\t\t<div class=\"elementor-widget-container\">\n\t\t\t\t\t\t\t\t\t\t\t\t\t\t\t<img decoding=\"async\" width=\"70\" height=\"66\" src=\"https:\/\/riadmarwamarrakech.com\/wp-content\/uploads\/2024\/12\/home_hotel3_about4.png\" class=\"attachment-large size-large wp-image-999\" alt=\"\" \/>\t\t\t\t\t\t\t\t\t\t\t\t\t\t\t<\/div>\n\t\t\t\t<\/div>\n\t\t\t\t<div class=\"elementor-element elementor-element-9a86f41 elementor-widget elementor-widget-text-editor\" data-id=\"9a86f41\" data-element_type=\"widget\" data-e-type=\"widget\" data-widget_type=\"text-editor.default\">\n\t\t\t\t<div class=\"elementor-widget-container\">\n\t\t\t\t\t\t\t\t\t<h5>Grand lit<\/h5>\t\t\t\t\t\t\t\t<\/div>\n\t\t\t\t<\/div>\n\t\t\t\t<\/div>\n\t\t<div class=\"elementor-element elementor-element-39f9bdc e-con-full e-flex e-con e-child\" data-id=\"39f9bdc\" data-element_type=\"container\" data-e-type=\"container\">\n\t\t\t\t<div class=\"elementor-element elementor-element-de4fd01 elementor-widget elementor-widget-image\" data-id=\"de4fd01\" data-element_type=\"widget\" data-e-type=\"widget\" data-widget_type=\"image.default\">\n\t\t\t\t<div class=\"elementor-widget-container\">\n\t\t\t\t\t\t\t\t\t\t\t\t\t\t\t<img decoding=\"async\" width=\"70\" height=\"66\" src=\"https:\/\/riadmarwamarrakech.com\/wp-content\/uploads\/2024\/12\/hair-dryer-def.png\" class=\"attachment-large size-large wp-image-996\" alt=\"\" \/>\t\t\t\t\t\t\t\t\t\t\t\t\t\t\t<\/div>\n\t\t\t\t<\/div>\n\t\t\t\t<div class=\"elementor-element elementor-element-1eff4bf elementor-widget elementor-widget-text-editor\" data-id=\"1eff4bf\" data-element_type=\"widget\" data-e-type=\"widget\" data-widget_type=\"text-editor.default\">\n\t\t\t\t<div class=\"elementor-widget-container\">\n\t\t\t\t\t\t\t\t\t<h5>S\u00e8che-cheveux<\/h5>\t\t\t\t\t\t\t\t<\/div>\n\t\t\t\t<\/div>\n\t\t\t\t<\/div>\n\t\t<div class=\"elementor-element elementor-element-cb0c3b5 e-con-full e-flex e-con e-child\" data-id=\"cb0c3b5\" data-element_type=\"container\" data-e-type=\"container\">\n\t\t\t\t<div class=\"elementor-element elementor-element-459984d elementor-widget elementor-widget-image\" data-id=\"459984d\" data-element_type=\"widget\" data-e-type=\"widget\" data-widget_type=\"image.default\">\n\t\t\t\t<div class=\"elementor-widget-container\">\n\t\t\t\t\t\t\t\t\t\t\t\t\t\t\t<img loading=\"lazy\" decoding=\"async\" width=\"70\" height=\"66\" src=\"https:\/\/riadmarwamarrakech.com\/wp-content\/uploads\/2024\/12\/towel-def.png\" class=\"attachment-large size-large wp-image-1002\" alt=\"\" \/>\t\t\t\t\t\t\t\t\t\t\t\t\t\t\t<\/div>\n\t\t\t\t<\/div>\n\t\t\t\t<div class=\"elementor-element elementor-element-f07442f elementor-widget elementor-widget-text-editor\" data-id=\"f07442f\" data-element_type=\"widget\" data-e-type=\"widget\" data-widget_type=\"text-editor.default\">\n\t\t\t\t<div class=\"elementor-widget-container\">\n\t\t\t\t\t\t\t\t\t<h5>Ensemble de serviettes<\/h5>\t\t\t\t\t\t\t\t<\/div>\n\t\t\t\t<\/div>\n\t\t\t\t<\/div>\n\t\t\t\t<\/div>\n\t\t<div class=\"elementor-element elementor-element-478e038 e-con-full e-flex e-con e-parent\" data-id=\"478e038\" data-element_type=\"container\" data-e-type=\"container\">\n\t\t<div class=\"elementor-element elementor-element-eb843cd e-con-full e-flex e-con e-child\" data-id=\"eb843cd\" data-element_type=\"container\" data-e-type=\"container\">\n\t\t\t\t<div class=\"elementor-element elementor-element-364d7b3 elementor-widget elementor-widget-image\" data-id=\"364d7b3\" data-element_type=\"widget\" data-e-type=\"widget\" data-widget_type=\"image.default\">\n\t\t\t\t<div class=\"elementor-widget-container\">\n\t\t\t\t\t\t\t\t\t\t\t\t\t\t\t<img loading=\"lazy\" decoding=\"async\" width=\"70\" height=\"66\" src=\"https:\/\/riadmarwamarrakech.com\/wp-content\/uploads\/2024\/12\/bathroom-def.png\" class=\"attachment-large size-large wp-image-993\" alt=\"\" \/>\t\t\t\t\t\t\t\t\t\t\t\t\t\t\t<\/div>\n\t\t\t\t<\/div>\n\t\t\t\t<div class=\"elementor-element elementor-element-6d328b6 elementor-widget elementor-widget-text-editor\" data-id=\"6d328b6\" data-element_type=\"widget\" data-e-type=\"widget\" data-widget_type=\"text-editor.default\">\n\t\t\t\t<div class=\"elementor-widget-container\">\n\t\t\t\t\t\t\t\t\t<h5>Salle de bain et douche priv\u00e9es<\/h5>\t\t\t\t\t\t\t\t<\/div>\n\t\t\t\t<\/div>\n\t\t\t\t<\/div>\n\t\t<div class=\"elementor-element elementor-element-359f00d e-con-full e-flex e-con e-child\" data-id=\"359f00d\" data-element_type=\"container\" data-e-type=\"container\">\n\t\t\t\t<div class=\"elementor-element elementor-element-f6eec15 elementor-widget elementor-widget-image\" data-id=\"f6eec15\" data-element_type=\"widget\" data-e-type=\"widget\" data-widget_type=\"image.default\">\n\t\t\t\t<div class=\"elementor-widget-container\">\n\t\t\t\t\t\t\t\t\t\t\t\t\t\t\t<img loading=\"lazy\" decoding=\"async\" width=\"70\" height=\"66\" src=\"https:\/\/riadmarwamarrakech.com\/wp-content\/uploads\/2024\/12\/air-conditioner-def.png\" class=\"attachment-large size-large wp-image-990\" alt=\"\" \/>\t\t\t\t\t\t\t\t\t\t\t\t\t\t\t<\/div>\n\t\t\t\t<\/div>\n\t\t\t\t<div class=\"elementor-element elementor-element-9ab842b elementor-widget elementor-widget-text-editor\" data-id=\"9ab842b\" data-element_type=\"widget\" data-e-type=\"widget\" data-widget_type=\"text-editor.default\">\n\t\t\t\t<div class=\"elementor-widget-container\">\n\t\t\t\t\t\t\t\t\t<h5>Climatisation<\/h5>\t\t\t\t\t\t\t\t<\/div>\n\t\t\t\t<\/div>\n\t\t\t\t<\/div>\n\t\t<div class=\"elementor-element elementor-element-ec7fc10 e-con-full e-flex e-con e-child\" data-id=\"ec7fc10\" data-element_type=\"container\" data-e-type=\"container\">\n\t\t\t\t<div class=\"elementor-element elementor-element-5990ec5 elementor-widget elementor-widget-image\" data-id=\"5990ec5\" data-element_type=\"widget\" data-e-type=\"widget\" data-widget_type=\"image.default\">\n\t\t\t\t<div class=\"elementor-widget-container\">\n\t\t\t\t\t\t\t\t\t\t\t\t\t\t\t<img loading=\"lazy\" decoding=\"async\" width=\"70\" height=\"66\" src=\"https:\/\/riadmarwamarrakech.com\/wp-content\/uploads\/2024\/12\/wifi-def.png\" class=\"attachment-large size-large wp-image-1005\" alt=\"\" \/>\t\t\t\t\t\t\t\t\t\t\t\t\t\t\t<\/div>\n\t\t\t\t<\/div>\n\t\t\t\t<div class=\"elementor-element elementor-element-606f65a elementor-widget elementor-widget-text-editor\" data-id=\"606f65a\" data-element_type=\"widget\" data-e-type=\"widget\" data-widget_type=\"text-editor.default\">\n\t\t\t\t<div class=\"elementor-widget-container\">\n\t\t\t\t\t\t\t\t\t<h5>Wifi et Hotspot<\/h5>\t\t\t\t\t\t\t\t<\/div>\n\t\t\t\t<\/div>\n\t\t\t\t<\/div>\n\t\t\t\t<\/div>\n\t\t<div class=\"elementor-element elementor-element-56b953c e-con-full e-flex e-con e-parent\" data-id=\"56b953c\" data-element_type=\"container\" data-e-type=\"container\" data-settings=\"{&quot;background_background&quot;:&quot;classic&quot;}\">\n\t\t<div class=\"elementor-element elementor-element-6891706c e-con-full e-flex e-con e-child\" data-id=\"6891706c\" data-element_type=\"container\" data-e-type=\"container\">\n\t\t\t\t<div class=\"elementor-element elementor-element-79a2d9e2 elementor-widget elementor-widget-text-editor\" data-id=\"79a2d9e2\" data-element_type=\"widget\" data-e-type=\"widget\" data-widget_type=\"text-editor.default\">\n\t\t\t\t<div class=\"elementor-widget-container\">\n\t\t\t\t\t\t\t\t\t<h5><span style=\"color: #ffffff;\">R\u00e9servez votre s\u00e9jour d\u00e8s maintenant.\nV\u00e9rifiez la disponibilit\u00e9 des appartements<\/span><\/h5>\t\t\t\t\t\t\t\t<\/div>\n\t\t\t\t<\/div>\n\t\t\t\t<\/div>\n\t\t<div class=\"elementor-element elementor-element-1155cebe e-con-full e-flex e-con e-child\" data-id=\"1155cebe\" data-element_type=\"container\" data-e-type=\"container\">\n\t\t\t\t<div class=\"elementor-element elementor-element-5d828006 elementor-align-right elementor-widget elementor-widget-button\" data-id=\"5d828006\" data-element_type=\"widget\" data-e-type=\"widget\" data-widget_type=\"button.default\">\n\t\t\t\t<div class=\"elementor-widget-container\">\n\t\t\t\t\t\t\t\t\t<div class=\"elementor-button-wrapper\">\n\t\t\t\t\t<a class=\"elementor-button elementor-button-link elementor-size-sm\" href=\"https:\/\/riadmarwamarrakech.com\/home\/fr\/reservation\/\">\n\t\t\t\t\t\t<span class=\"elementor-button-content-wrapper\">\n\t\t\t\t\t\t\t\t\t<span class=\"elementor-button-text\">R\u00c9SERVATION<\/span>\n\t\t\t\t\t<\/span>\n\t\t\t\t\t<\/a>\n\t\t\t\t<\/div>\n\t\t\t\t\t\t\t\t<\/div>\n\t\t\t\t<\/div>\n\t\t\t\t<\/div>\n\t\t\t\t<\/div>\n\t\t\t\t<\/div>\n\t\t","protected":false},"excerpt":{"rendered":"<p>Chambre Marwa Riad Marwa Marrakech Marwa Marwa est une chambre twin avec deux lits s\u00e9par\u00e9s, d\u2019environ 10 m\u00b2, \u00e9quip\u00e9e de literie de haute qualit\u00e9, s\u00e8che-cheveux, serviettes,<span class=\"excerpt-hellip\"> [\u2026]<\/span><\/p>\n","protected":false},"author":1,"featured_media":945,"parent":1380,"menu_order":0,"comment_status":"closed","ping_status":"closed","template":"","meta":{"footnotes":""},"class_list":["post-1440","page","type-page","status-publish","has-post-thumbnail","hentry"],"_links":{"self":[{"href":"https:\/\/riadmarwamarrakech.com\/fr\/wp-json\/wp\/v2\/pages\/1440","targetHints":{"allow":["GET"]}}],"collection":[{"href":"https:\/\/riadmarwamarrakech.com\/fr\/wp-json\/wp\/v2\/pages"}],"about":[{"href":"https:\/\/riadmarwamarrakech.com\/fr\/wp-json\/wp\/v2\/types\/page"}],"author":[{"embeddable":true,"href":"https:\/\/riadmarwamarrakech.com\/fr\/wp-json\/wp\/v2\/users\/1"}],"replies":[{"embeddable":true,"href":"https:\/\/riadmarwamarrakech.com\/fr\/wp-json\/wp\/v2\/comments?post=1440"}],"version-history":[{"count":16,"href":"https:\/\/riadmarwamarrakech.com\/fr\/wp-json\/wp\/v2\/pages\/1440\/revisions"}],"predecessor-version":[{"id":1639,"href":"https:\/\/riadmarwamarrakech.com\/fr\/wp-json\/wp\/v2\/pages\/1440\/revisions\/1639"}],"up":[{"embeddable":true,"href":"https:\/\/riadmarwamarrakech.com\/fr\/wp-json\/wp\/v2\/pages\/1380"}],"wp:featuredmedia":[{"embeddable":true,"href":"https:\/\/riadmarwamarrakech.com\/fr\/wp-json\/wp\/v2\/media\/945"}],"wp:attachment":[{"href":"https:\/\/riadmarwamarrakech.com\/fr\/wp-json\/wp\/v2\/media?parent=1440"}],"curies":[{"name":"wp","href":"https:\/\/api.w.org\/{rel}","templated":true}]}}