{"id":1412,"date":"2024-12-17T08:17:43","date_gmt":"2024-12-17T07:17:43","guid":{"rendered":"https:\/\/riadmarwamarrakech.com\/camere\/suite-yasmine\/"},"modified":"2024-12-19T17:05:51","modified_gmt":"2024-12-19T16:05:51","slug":"suite-yasmine","status":"publish","type":"page","link":"https:\/\/riadmarwamarrakech.com\/it\/camere\/suite-yasmine\/","title":{"rendered":"Suite Yasmine"},"content":{"rendered":"\t\t<div data-elementor-type=\"wp-page\" data-elementor-id=\"1412\" class=\"elementor elementor-1412 elementor-402\" data-elementor-post-type=\"page\">\n\t\t\t\t<div class=\"elementor-element elementor-element-1f0f7435 e-flex e-con-boxed e-con e-parent\" data-id=\"1f0f7435\" data-element_type=\"container\" data-e-type=\"container\">\n\t\t\t\t\t<div class=\"e-con-inner\">\n\t\t\t\t<div class=\"elementor-element elementor-element-17d3a17f elementor-widget elementor-widget-text-editor\" data-id=\"17d3a17f\" data-element_type=\"widget\" data-e-type=\"widget\" data-widget_type=\"text-editor.default\">\n\t\t\t\t<div class=\"elementor-widget-container\">\n\t\t\t\t\t\t\t\t\t<h3>Camera Yasmine<\/h3><h4>Riad Marwa Marrakech<\/h4>\t\t\t\t\t\t\t\t<\/div>\n\t\t\t\t<\/div>\n\t\t\t\t\t<\/div>\n\t\t\t\t<\/div>\n\t\t\t\t<section class=\"elementor-section elementor-inner-section elementor-element elementor-element-612f1307 elementor-section-content-middle elementor-section-full_width elementor-section-height-default elementor-section-height-default\" data-id=\"612f1307\" data-element_type=\"section\" data-e-type=\"section\" data-settings=\"{&quot;background_background&quot;:&quot;classic&quot;}\">\n\t\t\t\t\t\t<div class=\"elementor-container elementor-column-gap-default\">\n\t\t\t\t\t<div class=\"elementor-column elementor-col-50 elementor-inner-column elementor-element elementor-element-34433c87\" data-id=\"34433c87\" data-element_type=\"column\" data-e-type=\"column\">\n\t\t\t<div class=\"elementor-widget-wrap elementor-element-populated\">\n\t\t\t\t\t\t<div class=\"elementor-element elementor-element-b550d8a elementor-widget elementor-widget-image\" data-id=\"b550d8a\" data-element_type=\"widget\" data-e-type=\"widget\" data-widget_type=\"image.default\">\n\t\t\t\t<div class=\"elementor-widget-container\">\n\t\t\t\t\t\t\t\t\t\t\t\t\t\t\t<img fetchpriority=\"high\" decoding=\"async\" width=\"1200\" height=\"800\" src=\"https:\/\/riadmarwamarrakech.com\/wp-content\/uploads\/2024\/12\/Yasmine2-1.jpg\" class=\"attachment-large size-large wp-image-1039\" alt=\"\" srcset=\"https:\/\/riadmarwamarrakech.com\/wp-content\/uploads\/2024\/12\/Yasmine2-1.jpg 1200w, https:\/\/riadmarwamarrakech.com\/wp-content\/uploads\/2024\/12\/Yasmine2-1-500x333.jpg 500w, https:\/\/riadmarwamarrakech.com\/wp-content\/uploads\/2024\/12\/Yasmine2-1-300x200.jpg 300w, https:\/\/riadmarwamarrakech.com\/wp-content\/uploads\/2024\/12\/Yasmine2-1-768x512.jpg 768w, https:\/\/riadmarwamarrakech.com\/wp-content\/uploads\/2024\/12\/Yasmine2-1-113x75.jpg 113w, https:\/\/riadmarwamarrakech.com\/wp-content\/uploads\/2024\/12\/Yasmine2-1-480x320.jpg 480w\" sizes=\"(max-width:767px) 480px, (max-width:1200px) 100vw, 1200px\" \/>\t\t\t\t\t\t\t\t\t\t\t\t\t\t\t<\/div>\n\t\t\t\t<\/div>\n\t\t\t\t\t<\/div>\n\t\t<\/div>\n\t\t\t\t<div class=\"elementor-column elementor-col-50 elementor-inner-column elementor-element elementor-element-63e8f156\" data-id=\"63e8f156\" data-element_type=\"column\" data-e-type=\"column\">\n\t\t\t<div class=\"elementor-widget-wrap elementor-element-populated\">\n\t\t\t\t\t\t<div class=\"elementor-element elementor-element-1664c794 elementor-widget elementor-widget-text-editor\" data-id=\"1664c794\" data-element_type=\"widget\" data-e-type=\"widget\" data-widget_type=\"text-editor.default\">\n\t\t\t\t<div class=\"elementor-widget-container\">\n\t\t\t\t\t\t\t\t\t<h4>Jasmine<\/h4>\nQuesta suite si trova al primo piano con una finestra sul patio principale, ha circa 20 m\u00b2, \u00e8 per il traino o per tre persone, dotata di biancheria da letto di alta qualit\u00e0 e asciugacapelli. Il bagno \u00e8 dotato di asciugamani, shampoo, bagnoschiuma, latte per il corpo, WC. separato\t\t\t\t\t\t\t\t<\/div>\n\t\t\t\t<\/div>\n\t\t\t\t\t<\/div>\n\t\t<\/div>\n\t\t\t\t\t<\/div>\n\t\t<\/section>\n\t\t<div class=\"elementor-element elementor-element-f24e1d6 e-con-full e-flex e-con e-parent\" data-id=\"f24e1d6\" data-element_type=\"container\" data-e-type=\"container\" data-settings=\"{&quot;background_background&quot;:&quot;classic&quot;}\">\n\t\t\t\t<div class=\"elementor-element elementor-element-bce24a3 elementor-widget elementor-widget-text-editor\" data-id=\"bce24a3\" data-element_type=\"widget\" data-e-type=\"widget\" data-widget_type=\"text-editor.default\">\n\t\t\t\t<div class=\"elementor-widget-container\">\n\t\t\t\t\t\t\t\t\t<h3><span style=\"color: #000000;\">Gallery<\/span><\/h3>\t\t\t\t\t\t\t\t<\/div>\n\t\t\t\t<\/div>\n\t\t\t\t<div class=\"elementor-element elementor-element-c972002 elementor-widget elementor-widget-wpmf_gallery\" data-id=\"c972002\" data-element_type=\"widget\" data-e-type=\"widget\" data-widget_type=\"wpmf_gallery.default\">\n\t\t\t\t<div class=\"elementor-widget-container\">\n\t\t\t\t\t<div class=\"wpmf-gallerys wpmf-gallerys-life \" ><div id=\"gallery-1\" class=\"gallery gallery_life wpmf_gallery_default gallery_default  gallery-columns-6 gallery-size-large gallery-link-file wpmf-has-border-radius-0 wpmf-gutterwidth-5 no_ratio\"><figure class=\"wpmf-gallery-item\" data-index=\"0\"><div class=\"wpmf-gallery-icon\"><div class=\"square_thumbnail\"><div class=\"img_centered\"><a class=\" not_video noLightbox\" data-lightbox=\"1\" data-href=\"https:\/\/riadmarwamarrakech.com\/wp-content\/uploads\/2024\/12\/Yasmine13-1200x800.jpg\" title=\"Yasmine13\" target=\"_self\" data-index=\"0\"><img decoding=\"async\" class=\"wpmf_img\" alt=\"Yasmine13\" src=\"https:\/\/riadmarwamarrakech.com\/wp-content\/uploads\/2024\/12\/Yasmine13-1200x800.jpg\" data-type=\"wpmfgalleryimg\" data-attachment-id=\"1075\" data-wpmf-size=\"large\" data-lazy-src=\"https:\/\/riadmarwamarrakech.com\/wp-content\/uploads\/2024\/12\/Yasmine13-1200x800.jpg\"><\/a><\/div><\/div><\/div><\/figure><figure class=\"wpmf-gallery-item\" data-index=\"1\"><div class=\"wpmf-gallery-icon\"><div class=\"square_thumbnail\"><div class=\"img_centered\"><a class=\" not_video noLightbox\" data-lightbox=\"1\" data-href=\"https:\/\/riadmarwamarrakech.com\/wp-content\/uploads\/2024\/12\/Yasmine1-1200x800.jpg\" title=\"Yasmine1\" target=\"_self\" data-index=\"1\"><img decoding=\"async\" class=\"wpmf_img\" alt=\"Yasmine1\" src=\"https:\/\/riadmarwamarrakech.com\/wp-content\/uploads\/2024\/12\/Yasmine1-1200x800.jpg\" data-type=\"wpmfgalleryimg\" data-attachment-id=\"1042\" data-wpmf-size=\"large\" data-lazy-src=\"https:\/\/riadmarwamarrakech.com\/wp-content\/uploads\/2024\/12\/Yasmine1-1200x800.jpg\"><\/a><\/div><\/div><\/div><\/figure><figure class=\"wpmf-gallery-item\" data-index=\"2\"><div class=\"wpmf-gallery-icon\"><div class=\"square_thumbnail\"><div class=\"img_centered\"><a class=\" not_video noLightbox\" data-lightbox=\"1\" data-href=\"https:\/\/riadmarwamarrakech.com\/wp-content\/uploads\/2024\/12\/Yasmine2-1.jpg\" title=\"Yasmine2\" target=\"_self\" data-index=\"2\"><img decoding=\"async\" class=\"wpmf_img\" alt=\"Yasmine2\" src=\"https:\/\/riadmarwamarrakech.com\/wp-content\/uploads\/2024\/12\/Yasmine2-1.jpg\" data-type=\"wpmfgalleryimg\" data-attachment-id=\"1039\" data-wpmf-size=\"large\" data-lazy-src=\"https:\/\/riadmarwamarrakech.com\/wp-content\/uploads\/2024\/12\/Yasmine2-1.jpg\"><\/a><\/div><\/div><\/div><\/figure><figure class=\"wpmf-gallery-item\" data-index=\"3\"><div class=\"wpmf-gallery-icon\"><div class=\"square_thumbnail\"><div class=\"img_centered\"><a class=\" not_video noLightbox\" data-lightbox=\"1\" data-href=\"https:\/\/riadmarwamarrakech.com\/wp-content\/uploads\/2024\/12\/Yasmine10-1200x800.jpg\" title=\"Yasmine10\" target=\"_self\" data-index=\"3\"><img decoding=\"async\" class=\"wpmf_img\" alt=\"Yasmine10\" src=\"https:\/\/riadmarwamarrakech.com\/wp-content\/uploads\/2024\/12\/Yasmine10-1200x800.jpg\" data-type=\"wpmfgalleryimg\" data-attachment-id=\"1069\" data-wpmf-size=\"large\" data-lazy-src=\"https:\/\/riadmarwamarrakech.com\/wp-content\/uploads\/2024\/12\/Yasmine10-1200x800.jpg\"><\/a><\/div><\/div><\/div><\/figure><figure class=\"wpmf-gallery-item\" data-index=\"4\"><div class=\"wpmf-gallery-icon\"><div class=\"square_thumbnail\"><div class=\"img_centered\"><a class=\" not_video noLightbox\" data-lightbox=\"1\" data-href=\"https:\/\/riadmarwamarrakech.com\/wp-content\/uploads\/2024\/12\/Yasmine8-1200x800.jpg\" title=\"Yasmine8\" target=\"_self\" data-index=\"4\"><img decoding=\"async\" class=\"wpmf_img\" alt=\"Yasmine8\" src=\"https:\/\/riadmarwamarrakech.com\/wp-content\/uploads\/2024\/12\/Yasmine8-1200x800.jpg\" data-type=\"wpmfgalleryimg\" data-attachment-id=\"1063\" data-wpmf-size=\"large\" data-lazy-src=\"https:\/\/riadmarwamarrakech.com\/wp-content\/uploads\/2024\/12\/Yasmine8-1200x800.jpg\"><\/a><\/div><\/div><\/div><\/figure><figure class=\"wpmf-gallery-item\" data-index=\"5\"><div class=\"wpmf-gallery-icon\"><div class=\"square_thumbnail\"><div class=\"img_centered\"><a class=\" not_video noLightbox\" data-lightbox=\"1\" data-href=\"https:\/\/riadmarwamarrakech.com\/wp-content\/uploads\/2024\/12\/Yasmine7-1200x800.jpg\" title=\"Yasmine7\" target=\"_self\" data-index=\"5\"><img decoding=\"async\" class=\"wpmf_img\" alt=\"Yasmine7\" src=\"https:\/\/riadmarwamarrakech.com\/wp-content\/uploads\/2024\/12\/Yasmine7-1200x800.jpg\" data-type=\"wpmfgalleryimg\" data-attachment-id=\"1060\" data-wpmf-size=\"large\" data-lazy-src=\"https:\/\/riadmarwamarrakech.com\/wp-content\/uploads\/2024\/12\/Yasmine7-1200x800.jpg\"><\/a><\/div><\/div><\/div><\/figure><figure class=\"wpmf-gallery-item\" data-index=\"6\"><div class=\"wpmf-gallery-icon\"><div class=\"square_thumbnail\"><div class=\"img_centered\"><a class=\" not_video noLightbox\" data-lightbox=\"1\" data-href=\"https:\/\/riadmarwamarrakech.com\/wp-content\/uploads\/2024\/12\/Yasmine6-1200x800.jpg\" title=\"Yasmine6\" target=\"_self\" data-index=\"6\"><img decoding=\"async\" class=\"wpmf_img\" alt=\"Yasmine6\" src=\"https:\/\/riadmarwamarrakech.com\/wp-content\/uploads\/2024\/12\/Yasmine6-1200x800.jpg\" data-type=\"wpmfgalleryimg\" data-attachment-id=\"1057\" data-wpmf-size=\"large\" data-lazy-src=\"https:\/\/riadmarwamarrakech.com\/wp-content\/uploads\/2024\/12\/Yasmine6-1200x800.jpg\"><\/a><\/div><\/div><\/div><\/figure><figure class=\"wpmf-gallery-item\" data-index=\"7\"><div class=\"wpmf-gallery-icon\"><div class=\"square_thumbnail\"><div class=\"img_centered\"><a class=\" not_video noLightbox\" data-lightbox=\"1\" data-href=\"https:\/\/riadmarwamarrakech.com\/wp-content\/uploads\/2024\/12\/Yasmine5-1200x800.jpg\" title=\"Yasmine5\" target=\"_self\" data-index=\"7\"><img decoding=\"async\" class=\"wpmf_img\" alt=\"Yasmine5\" src=\"https:\/\/riadmarwamarrakech.com\/wp-content\/uploads\/2024\/12\/Yasmine5-1200x800.jpg\" data-type=\"wpmfgalleryimg\" data-attachment-id=\"1054\" data-wpmf-size=\"large\" data-lazy-src=\"https:\/\/riadmarwamarrakech.com\/wp-content\/uploads\/2024\/12\/Yasmine5-1200x800.jpg\"><\/a><\/div><\/div><\/div><\/figure><figure class=\"wpmf-gallery-item\" data-index=\"8\"><div class=\"wpmf-gallery-icon\"><div class=\"square_thumbnail\"><div class=\"img_centered\"><a class=\" not_video noLightbox\" data-lightbox=\"1\" data-href=\"https:\/\/riadmarwamarrakech.com\/wp-content\/uploads\/2024\/12\/Yasmine4-1200x800.jpg\" title=\"Yasmine4\" target=\"_self\" data-index=\"8\"><img decoding=\"async\" class=\"wpmf_img\" alt=\"Yasmine4\" src=\"https:\/\/riadmarwamarrakech.com\/wp-content\/uploads\/2024\/12\/Yasmine4-1200x800.jpg\" data-type=\"wpmfgalleryimg\" data-attachment-id=\"1051\" data-wpmf-size=\"large\" data-lazy-src=\"https:\/\/riadmarwamarrakech.com\/wp-content\/uploads\/2024\/12\/Yasmine4-1200x800.jpg\"><\/a><\/div><\/div><\/div><\/figure><figure class=\"wpmf-gallery-item\" data-index=\"9\"><div class=\"wpmf-gallery-icon\"><div class=\"square_thumbnail\"><div class=\"img_centered\"><a class=\" not_video noLightbox\" data-lightbox=\"1\" data-href=\"https:\/\/riadmarwamarrakech.com\/wp-content\/uploads\/2024\/12\/Yasmine3-1200x800.jpg\" title=\"Yasmine3\" target=\"_self\" data-index=\"9\"><img decoding=\"async\" class=\"wpmf_img\" alt=\"Yasmine3\" src=\"https:\/\/riadmarwamarrakech.com\/wp-content\/uploads\/2024\/12\/Yasmine3-1200x800.jpg\" data-type=\"wpmfgalleryimg\" data-attachment-id=\"1048\" data-wpmf-size=\"large\" data-lazy-src=\"https:\/\/riadmarwamarrakech.com\/wp-content\/uploads\/2024\/12\/Yasmine3-1200x800.jpg\"><\/a><\/div><\/div><\/div><\/figure><figure class=\"wpmf-gallery-item\" data-index=\"10\"><div class=\"wpmf-gallery-icon\"><div class=\"square_thumbnail\"><div class=\"img_centered\"><a class=\" not_video noLightbox\" data-lightbox=\"1\" data-href=\"https:\/\/riadmarwamarrakech.com\/wp-content\/uploads\/2024\/12\/Yasmine2-2-1200x800.jpg\" title=\"Yasmine2\" target=\"_self\" data-index=\"10\"><img decoding=\"async\" class=\"wpmf_img\" alt=\"Yasmine2\" src=\"https:\/\/riadmarwamarrakech.com\/wp-content\/uploads\/2024\/12\/Yasmine2-2-1200x800.jpg\" data-type=\"wpmfgalleryimg\" data-attachment-id=\"1045\" data-wpmf-size=\"large\" data-lazy-src=\"https:\/\/riadmarwamarrakech.com\/wp-content\/uploads\/2024\/12\/Yasmine2-2-1200x800.jpg\"><\/a><\/div><\/div><\/div><\/figure><figure class=\"wpmf-gallery-item\" data-index=\"11\"><div class=\"wpmf-gallery-icon\"><div class=\"square_thumbnail\"><div class=\"img_centered\"><a class=\" not_video noLightbox\" data-lightbox=\"1\" data-href=\"https:\/\/riadmarwamarrakech.com\/wp-content\/uploads\/2024\/12\/Yasmine9-1200x800.jpg\" title=\"Yasmine9\" target=\"_self\" data-index=\"11\"><img decoding=\"async\" class=\"wpmf_img\" alt=\"Yasmine9\" src=\"https:\/\/riadmarwamarrakech.com\/wp-content\/uploads\/2024\/12\/Yasmine9-1200x800.jpg\" data-type=\"wpmfgalleryimg\" data-attachment-id=\"1066\" data-wpmf-size=\"large\" data-lazy-src=\"https:\/\/riadmarwamarrakech.com\/wp-content\/uploads\/2024\/12\/Yasmine9-1200x800.jpg\"><\/a><\/div><\/div><\/div><\/figure><\/div><\/div>\t\t\t\t<\/div>\n\t\t\t\t<\/div>\n\t\t\t\t<\/div>\n\t\t<div class=\"elementor-element elementor-element-1447986 e-flex e-con-boxed e-con e-parent\" data-id=\"1447986\" data-element_type=\"container\" data-e-type=\"container\" data-settings=\"{&quot;background_background&quot;:&quot;classic&quot;}\">\n\t\t\t\t\t<div class=\"e-con-inner\">\n\t\t\t\t<div class=\"elementor-element elementor-element-c464709 elementor-widget elementor-widget-text-editor\" data-id=\"c464709\" data-element_type=\"widget\" data-e-type=\"widget\" data-widget_type=\"text-editor.default\">\n\t\t\t\t<div class=\"elementor-widget-container\">\n\t\t\t\t\t\t\t\t\t<h3>Cosa offre la Suite Yasmine?<\/h3>\t\t\t\t\t\t\t\t<\/div>\n\t\t\t\t<\/div>\n\t\t\t\t<div class=\"elementor-element elementor-element-7224522 elementor-widget elementor-widget-text-editor\" data-id=\"7224522\" data-element_type=\"widget\" data-e-type=\"widget\" data-widget_type=\"text-editor.default\">\n\t\t\t\t<div class=\"elementor-widget-container\">\n\t\t\t\t\t\t\t\t\t<h4>Scopri i nostri servizi<\/h4>\t\t\t\t\t\t\t\t<\/div>\n\t\t\t\t<\/div>\n\t\t\t\t\t<\/div>\n\t\t\t\t<\/div>\n\t\t<div class=\"elementor-element elementor-element-df179b6 e-con-full e-flex e-con e-parent\" data-id=\"df179b6\" data-element_type=\"container\" data-e-type=\"container\">\n\t\t<div class=\"elementor-element elementor-element-f2d699c e-con-full e-flex e-con e-child\" data-id=\"f2d699c\" data-element_type=\"container\" data-e-type=\"container\">\n\t\t\t\t<div class=\"elementor-element elementor-element-89288cd elementor-widget elementor-widget-image\" data-id=\"89288cd\" data-element_type=\"widget\" data-e-type=\"widget\" data-widget_type=\"image.default\">\n\t\t\t\t<div class=\"elementor-widget-container\">\n\t\t\t\t\t\t\t\t\t\t\t\t\t\t\t<img decoding=\"async\" width=\"70\" height=\"66\" src=\"https:\/\/riadmarwamarrakech.com\/wp-content\/uploads\/2024\/12\/home_hotel3_about4.png\" class=\"attachment-large size-large wp-image-1000\" alt=\"\" \/>\t\t\t\t\t\t\t\t\t\t\t\t\t\t\t<\/div>\n\t\t\t\t<\/div>\n\t\t\t\t<div class=\"elementor-element elementor-element-9a86f41 elementor-widget elementor-widget-text-editor\" data-id=\"9a86f41\" data-element_type=\"widget\" data-e-type=\"widget\" data-widget_type=\"text-editor.default\">\n\t\t\t\t<div class=\"elementor-widget-container\">\n\t\t\t\t\t\t\t\t\t<h5>Biancheria da letto<\/h5>\t\t\t\t\t\t\t\t<\/div>\n\t\t\t\t<\/div>\n\t\t\t\t<\/div>\n\t\t<div class=\"elementor-element elementor-element-39f9bdc e-con-full e-flex e-con e-child\" data-id=\"39f9bdc\" data-element_type=\"container\" data-e-type=\"container\">\n\t\t\t\t<div class=\"elementor-element elementor-element-de4fd01 elementor-widget elementor-widget-image\" data-id=\"de4fd01\" data-element_type=\"widget\" data-e-type=\"widget\" data-widget_type=\"image.default\">\n\t\t\t\t<div class=\"elementor-widget-container\">\n\t\t\t\t\t\t\t\t\t\t\t\t\t\t\t<img decoding=\"async\" width=\"70\" height=\"66\" src=\"https:\/\/riadmarwamarrakech.com\/wp-content\/uploads\/2024\/12\/hair-dryer-def.png\" class=\"attachment-large size-large wp-image-997\" alt=\"\" \/>\t\t\t\t\t\t\t\t\t\t\t\t\t\t\t<\/div>\n\t\t\t\t<\/div>\n\t\t\t\t<div class=\"elementor-element elementor-element-1eff4bf elementor-widget elementor-widget-text-editor\" data-id=\"1eff4bf\" data-element_type=\"widget\" data-e-type=\"widget\" data-widget_type=\"text-editor.default\">\n\t\t\t\t<div class=\"elementor-widget-container\">\n\t\t\t\t\t\t\t\t\t<h5>Asciugacapelli<\/h5>\t\t\t\t\t\t\t\t<\/div>\n\t\t\t\t<\/div>\n\t\t\t\t<\/div>\n\t\t<div class=\"elementor-element elementor-element-cb0c3b5 e-con-full e-flex e-con e-child\" data-id=\"cb0c3b5\" data-element_type=\"container\" data-e-type=\"container\">\n\t\t\t\t<div class=\"elementor-element elementor-element-459984d elementor-widget elementor-widget-image\" data-id=\"459984d\" data-element_type=\"widget\" data-e-type=\"widget\" data-widget_type=\"image.default\">\n\t\t\t\t<div class=\"elementor-widget-container\">\n\t\t\t\t\t\t\t\t\t\t\t\t\t\t\t<img loading=\"lazy\" decoding=\"async\" width=\"70\" height=\"66\" src=\"https:\/\/riadmarwamarrakech.com\/wp-content\/uploads\/2024\/12\/towel-def.png\" class=\"attachment-large size-large wp-image-1003\" alt=\"\" \/>\t\t\t\t\t\t\t\t\t\t\t\t\t\t\t<\/div>\n\t\t\t\t<\/div>\n\t\t\t\t<div class=\"elementor-element elementor-element-f07442f elementor-widget elementor-widget-text-editor\" data-id=\"f07442f\" data-element_type=\"widget\" data-e-type=\"widget\" data-widget_type=\"text-editor.default\">\n\t\t\t\t<div class=\"elementor-widget-container\">\n\t\t\t\t\t\t\t\t\t<h5>Set di asciugamani<\/h5>\t\t\t\t\t\t\t\t<\/div>\n\t\t\t\t<\/div>\n\t\t\t\t<\/div>\n\t\t\t\t<\/div>\n\t\t<div class=\"elementor-element elementor-element-478e038 e-con-full e-flex e-con e-parent\" data-id=\"478e038\" data-element_type=\"container\" data-e-type=\"container\">\n\t\t<div class=\"elementor-element elementor-element-eb843cd e-con-full e-flex e-con e-child\" data-id=\"eb843cd\" data-element_type=\"container\" data-e-type=\"container\">\n\t\t\t\t<div class=\"elementor-element elementor-element-364d7b3 elementor-widget elementor-widget-image\" data-id=\"364d7b3\" data-element_type=\"widget\" data-e-type=\"widget\" data-widget_type=\"image.default\">\n\t\t\t\t<div class=\"elementor-widget-container\">\n\t\t\t\t\t\t\t\t\t\t\t\t\t\t\t<img loading=\"lazy\" decoding=\"async\" width=\"70\" height=\"66\" src=\"https:\/\/riadmarwamarrakech.com\/wp-content\/uploads\/2024\/12\/bathroom-def.png\" class=\"attachment-large size-large wp-image-994\" alt=\"\" \/>\t\t\t\t\t\t\t\t\t\t\t\t\t\t\t<\/div>\n\t\t\t\t<\/div>\n\t\t\t\t<div class=\"elementor-element elementor-element-6d328b6 elementor-widget elementor-widget-text-editor\" data-id=\"6d328b6\" data-element_type=\"widget\" data-e-type=\"widget\" data-widget_type=\"text-editor.default\">\n\t\t\t\t<div class=\"elementor-widget-container\">\n\t\t\t\t\t\t\t\t\t<h5>Bagno privato e doccia<\/h5>\t\t\t\t\t\t\t\t<\/div>\n\t\t\t\t<\/div>\n\t\t\t\t<\/div>\n\t\t<div class=\"elementor-element elementor-element-359f00d e-con-full e-flex e-con e-child\" data-id=\"359f00d\" data-element_type=\"container\" data-e-type=\"container\">\n\t\t\t\t<div class=\"elementor-element elementor-element-f6eec15 elementor-widget elementor-widget-image\" data-id=\"f6eec15\" data-element_type=\"widget\" data-e-type=\"widget\" data-widget_type=\"image.default\">\n\t\t\t\t<div class=\"elementor-widget-container\">\n\t\t\t\t\t\t\t\t\t\t\t\t\t\t\t<img loading=\"lazy\" decoding=\"async\" width=\"70\" height=\"66\" src=\"https:\/\/riadmarwamarrakech.com\/wp-content\/uploads\/2024\/12\/air-conditioner-def.png\" class=\"attachment-large size-large wp-image-991\" alt=\"\" \/>\t\t\t\t\t\t\t\t\t\t\t\t\t\t\t<\/div>\n\t\t\t\t<\/div>\n\t\t\t\t<div class=\"elementor-element elementor-element-9ab842b elementor-widget elementor-widget-text-editor\" data-id=\"9ab842b\" data-element_type=\"widget\" data-e-type=\"widget\" data-widget_type=\"text-editor.default\">\n\t\t\t\t<div class=\"elementor-widget-container\">\n\t\t\t\t\t\t\t\t\t<h5>Aria condizionata<\/h5>\t\t\t\t\t\t\t\t<\/div>\n\t\t\t\t<\/div>\n\t\t\t\t<\/div>\n\t\t<div class=\"elementor-element elementor-element-ec7fc10 e-con-full e-flex e-con e-child\" data-id=\"ec7fc10\" data-element_type=\"container\" data-e-type=\"container\">\n\t\t\t\t<div class=\"elementor-element elementor-element-5990ec5 elementor-widget elementor-widget-image\" data-id=\"5990ec5\" data-element_type=\"widget\" data-e-type=\"widget\" data-widget_type=\"image.default\">\n\t\t\t\t<div class=\"elementor-widget-container\">\n\t\t\t\t\t\t\t\t\t\t\t\t\t\t\t<img loading=\"lazy\" decoding=\"async\" width=\"70\" height=\"66\" src=\"https:\/\/riadmarwamarrakech.com\/wp-content\/uploads\/2024\/12\/wifi-def.png\" class=\"attachment-large size-large wp-image-1006\" alt=\"\" \/>\t\t\t\t\t\t\t\t\t\t\t\t\t\t\t<\/div>\n\t\t\t\t<\/div>\n\t\t\t\t<div class=\"elementor-element elementor-element-606f65a elementor-widget elementor-widget-text-editor\" data-id=\"606f65a\" data-element_type=\"widget\" data-e-type=\"widget\" data-widget_type=\"text-editor.default\">\n\t\t\t\t<div class=\"elementor-widget-container\">\n\t\t\t\t\t\t\t\t\t<h5>Wifi and Hotspot<\/h5>\t\t\t\t\t\t\t\t<\/div>\n\t\t\t\t<\/div>\n\t\t\t\t<\/div>\n\t\t\t\t<\/div>\n\t\t<div class=\"elementor-element elementor-element-56b953c e-con-full e-flex e-con e-parent\" data-id=\"56b953c\" data-element_type=\"container\" data-e-type=\"container\" data-settings=\"{&quot;background_background&quot;:&quot;classic&quot;}\">\n\t\t<div class=\"elementor-element elementor-element-d15f8ed e-con-full e-flex e-con e-child\" data-id=\"d15f8ed\" data-element_type=\"container\" data-e-type=\"container\">\n\t\t\t\t<div class=\"elementor-element elementor-element-e12fda0 elementor-widget elementor-widget-text-editor\" data-id=\"e12fda0\" data-element_type=\"widget\" data-e-type=\"widget\" data-widget_type=\"text-editor.default\">\n\t\t\t\t<div class=\"elementor-widget-container\">\n\t\t\t\t\t\t\t\t\t<h5><span style=\"color: #ffffff;\">Prenota subito il tuo soggiorno.<br \/>\nControlla la disponibilit\u00e0 degli appartamenti<\/span><\/h5>\t\t\t\t\t\t\t\t<\/div>\n\t\t\t\t<\/div>\n\t\t\t\t<\/div>\n\t\t<div class=\"elementor-element elementor-element-1155cebe e-con-full e-flex e-con e-child\" data-id=\"1155cebe\" data-element_type=\"container\" data-e-type=\"container\">\n\t\t\t\t<div class=\"elementor-element elementor-element-5d828006 elementor-align-right elementor-widget elementor-widget-button\" data-id=\"5d828006\" data-element_type=\"widget\" data-e-type=\"widget\" data-widget_type=\"button.default\">\n\t\t\t\t<div class=\"elementor-widget-container\">\n\t\t\t\t\t\t\t\t\t<div class=\"elementor-button-wrapper\">\n\t\t\t\t\t<a class=\"elementor-button elementor-button-link elementor-size-sm\" href=\"https:\/\/riadmarwamarrakech.com\/home\/it\/prenota\/\">\n\t\t\t\t\t\t<span class=\"elementor-button-content-wrapper\">\n\t\t\t\t\t\t\t\t\t<span class=\"elementor-button-text\">PRENOTA<\/span>\n\t\t\t\t\t<\/span>\n\t\t\t\t\t<\/a>\n\t\t\t\t<\/div>\n\t\t\t\t\t\t\t\t<\/div>\n\t\t\t\t<\/div>\n\t\t\t\t<\/div>\n\t\t\t\t<\/div>\n\t\t\t\t<\/div>\n\t\t","protected":false},"excerpt":{"rendered":"<p>Camera Yasmine Riad Marwa Marrakech Jasmine Questa suite si trova al primo piano con una finestra sul patio principale, ha circa 20 m\u00b2, \u00e8 per il<span class=\"excerpt-hellip\"> [\u2026]<\/span><\/p>\n","protected":false},"author":1,"featured_media":1039,"parent":1159,"menu_order":0,"comment_status":"closed","ping_status":"closed","template":"","meta":{"footnotes":""},"class_list":["post-1412","page","type-page","status-publish","has-post-thumbnail","hentry"],"_links":{"self":[{"href":"https:\/\/riadmarwamarrakech.com\/it\/wp-json\/wp\/v2\/pages\/1412","targetHints":{"allow":["GET"]}}],"collection":[{"href":"https:\/\/riadmarwamarrakech.com\/it\/wp-json\/wp\/v2\/pages"}],"about":[{"href":"https:\/\/riadmarwamarrakech.com\/it\/wp-json\/wp\/v2\/types\/page"}],"author":[{"embeddable":true,"href":"https:\/\/riadmarwamarrakech.com\/it\/wp-json\/wp\/v2\/users\/1"}],"replies":[{"embeddable":true,"href":"https:\/\/riadmarwamarrakech.com\/it\/wp-json\/wp\/v2\/comments?post=1412"}],"version-history":[{"count":4,"href":"https:\/\/riadmarwamarrakech.com\/it\/wp-json\/wp\/v2\/pages\/1412\/revisions"}],"predecessor-version":[{"id":1511,"href":"https:\/\/riadmarwamarrakech.com\/it\/wp-json\/wp\/v2\/pages\/1412\/revisions\/1511"}],"up":[{"embeddable":true,"href":"https:\/\/riadmarwamarrakech.com\/it\/wp-json\/wp\/v2\/pages\/1159"}],"wp:featuredmedia":[{"embeddable":true,"href":"https:\/\/riadmarwamarrakech.com\/it\/wp-json\/wp\/v2\/media\/1039"}],"wp:attachment":[{"href":"https:\/\/riadmarwamarrakech.com\/it\/wp-json\/wp\/v2\/media?parent=1412"}],"curies":[{"name":"wp","href":"https:\/\/api.w.org\/{rel}","templated":true}]}}